{"id":1922,"date":"2024-08-02T00:20:03","date_gmt":"2024-08-02T00:20:03","guid":{"rendered":"https:\/\/www.hace.de\/?page_id=1922"},"modified":"2025-07-03T22:23:19","modified_gmt":"2025-07-03T22:23:19","slug":"umbaumassnahmen","status":"publish","type":"page","link":"https:\/\/www.hace.de\/?page_id=1922","title":{"rendered":"MIDAS Server Support"},"content":{"rendered":"<p>[vc_row][vc_column width=&#8221;1\/4&#8243;][\/vc_column][vc_column width=&#8221;1\/2&#8243;]\t\t\t<div id=\"textblock69fdf4e323f1c-6318\" class=\"post--content textblock clearfix  vc_custom_1722959470278\">\r\n\t\t\t\t<p>Neben der bisherigen, telefonischen Unterst\u00fctzung haben wir unsere Reichweite hinsichtlich Verf\u00fcgbarkeit und Erreichbarkeit erweitert.<\/p>\n<p>Zus\u00e4tzlich bieten wir ab sofort Telefonservice-Vertr\u00e4ge an &#8211; f\u00fcr h\u00f6chste Priorisierung und Erreichbarkeit zu festen Uhrzeiten. Schreiben Sie uns hierzu eine Anfrage per Mail &#8211; wir beraten Sie hierzu gerne.<\/p>\n<hr \/>\n<p>Einen absoluten Mehrwert stellt der <span style=\"color: #116791;\">neue<\/span> regul\u00e4re, technische Service dar &#8211; klicken Sie hierf\u00fcr auf den Banner in der Mitte und Ihr Anliegen gelangt mit Hilfe des Kontaktformulars direkt zu unserem 2nd Level Support.<\/p>\n\t\t\t<\/div>\r\n\t\t[\/vc_column][vc_column width=&#8221;1\/4&#8243;][\/vc_column][\/vc_row][vc_row][vc_column][vc_empty_space height=&#8221;50px&#8221;][\/vc_column][\/vc_row][vc_row full_width=&#8221;stretch_row&#8221;][vc_column width=&#8221;1\/4&#8243;][\/vc_column][vc_column width=&#8221;1\/4&#8243;][vc_single_image image=&#8221;1970&#8243; img_size=&#8221;full&#8221; alignment=&#8221;center&#8221; onclick=&#8221;custom_link&#8221; link=&#8221;https:\/\/www.hace.de\/?page_id=1955&#8243; css=&#8221;.vc_custom_1722815472247{border-top-width: 20px !important;border-bottom-width: 20px !important;}&#8221;][\/vc_column][vc_column width=&#8221;1\/4&#8243;][vc_single_image image=&#8221;1982&#8243; img_size=&#8221;full&#8221; alignment=&#8221;center&#8221;][\/vc_column][vc_column width=&#8221;1\/4&#8243;][\/vc_column][\/vc_row][vc_row][vc_column][vc_empty_space height=&#8221;50px&#8221;][\/vc_column][\/vc_row][vc_row][vc_column width=&#8221;1\/4&#8243;][\/vc_column][vc_column width=&#8221;1\/2&#8243;][vc_separator][\/vc_column][vc_column width=&#8221;1\/4&#8243;][\/vc_column][\/vc_row][vc_row][vc_column][vc_empty_space height=&#8221;50px&#8221;][\/vc_column][\/vc_row]<\/p>\n","protected":false},"excerpt":{"rendered":"<p>[vc_row][vc_column width=&#8221;1\/4&#8243;][\/vc_column][vc_column width=&#8221;1\/2&#8243;][\/vc_column][vc_column width=&#8221;1\/4&#8243;][\/vc_column][\/vc_row][vc_row][vc_column][vc_empty_space height=&#8221;50px&#8221;][\/vc_column][\/vc_row][vc_row full_width=&#8221;stretch_row&#8221;][vc_column width=&#8221;1\/4&#8243;][\/vc_column][vc_column width=&#8221;1\/4&#8243;][vc_single_image image=&#8221;1970&#8243; img_size=&#8221;full&#8221; alignment=&#8221;center&#8221; onclick=&#8221;custom_link&#8221; link=&#8221;https:\/\/www.hace.de\/?page_id=1955&#8243; css=&#8221;.vc_custom_1722815472247{border-top-width: 20px !important;border-bottom-width: 20px !important;}&#8221;][\/vc_column][vc_column width=&#8221;1\/4&#8243;][vc_single_image image=&#8221;1982&#8243; img_size=&#8221;full&#8221; alignment=&#8221;center&#8221;][\/vc_column][vc_column width=&#8221;1\/4&#8243;][\/vc_column][\/vc_row][vc_row][vc_column][vc_empty_space height=&#8221;50px&#8221;][\/vc_column][\/vc_row][vc_row][vc_column width=&#8221;1\/4&#8243;][\/vc_column][vc_column width=&#8221;1\/2&#8243;][vc_separator][\/vc_column][vc_column width=&#8221;1\/4&#8243;][\/vc_column][\/vc_row][vc_row][vc_column][vc_empty_space height=&#8221;50px&#8221;][\/vc_column][\/vc_row]<\/p>\n","protected":false},"author":1,"featured_media":0,"parent":0,"menu_order":0,"comment_status":"closed","ping_status":"closed","template":"redux-templates_contained","meta":{"footnotes":""},"class_list":["post-1922","page","type-page","status-publish","hentry"],"_links":{"self":[{"href":"https:\/\/www.hace.de\/index.php?rest_route=\/wp\/v2\/pages\/1922","targetHints":{"allow":["GET"]}}],"collection":[{"href":"https:\/\/www.hace.de\/index.php?rest_route=\/wp\/v2\/pages"}],"about":[{"href":"https:\/\/www.hace.de\/index.php?rest_route=\/wp\/v2\/types\/page"}],"author":[{"embeddable":true,"href":"https:\/\/www.hace.de\/index.php?rest_route=\/wp\/v2\/users\/1"}],"replies":[{"embeddable":true,"href":"https:\/\/www.hace.de\/index.php?rest_route=%2Fwp%2Fv2%2Fcomments&post=1922"}],"version-history":[{"count":60,"href":"https:\/\/www.hace.de\/index.php?rest_route=\/wp\/v2\/pages\/1922\/revisions"}],"predecessor-version":[{"id":2052,"href":"https:\/\/www.hace.de\/index.php?rest_route=\/wp\/v2\/pages\/1922\/revisions\/2052"}],"wp:attachment":[{"href":"https:\/\/www.hace.de\/index.php?rest_route=%2Fwp%2Fv2%2Fmedia&parent=1922"}],"curies":[{"name":"wp","href":"https:\/\/api.w.org\/{rel}","templated":true}]}}