{"id":1866,"date":"2024-07-03T14:49:32","date_gmt":"2024-07-03T14:49:32","guid":{"rendered":"https:\/\/www.hace.de\/?page_id=1866"},"modified":"2025-07-03T22:30:12","modified_gmt":"2025-07-03T22:30:12","slug":"betriebsferien","status":"publish","type":"page","link":"https:\/\/www.hace.de\/","title":{"rendered":"Sommerpause"},"content":{"rendered":"<p>[vc_row][vc_column width=&#8221;1\/3&#8243;][\/vc_column][vc_column width=&#8221;1\/3&#8243;][vc_column_text]<strong>Sommerpause + Entwicklungsarbeiten: 15.07. \u2013 31.08.2025<\/strong><\/p>\n<p>Sehr geehrte Kunden,<\/p>\n<p>in der Zeit von einschlie\u00dflich 15.07. bis 31.08. haben wir aufgrund der angek\u00fcndigten Ma\u00dfnahmen eingeschr\u00e4nkten IT-Support.<\/p>\n<p>Schreiben Sie uns am Besten eine Mail unter der Ihnen bekannten Mailadressen und den Wunsch, wie wir Sie am besten erreichen k\u00f6nnen. Gerne auch eine SMS. Wir melden uns zeitnah bei Ihnen.<\/p>\n<p>Bestehende Telefonservice-Vertr\u00e4ge als auch Dienstleistungsvertr\u00e4ge erreichen uns wie vertraglich vereinbart worden ist.<\/p>\n<p>Vielen Dank f\u00fcr Ihr Verst\u00e4ndnis.[\/vc_column_text][\/vc_column][vc_column width=&#8221;1\/3&#8243;][\/vc_column][\/vc_row][vc_row full_width=&#8221;stretch_row_content_no_spaces&#8221;][vc_column width=&#8221;1\/4&#8243;][\/vc_column][vc_column width=&#8221;1\/2&#8243;][\/vc_column][vc_column width=&#8221;1\/4&#8243;][\/vc_column][\/vc_row][vc_row][vc_column width=&#8221;1\/4&#8243;][\/vc_column][vc_column width=&#8221;1\/2&#8243;][\/vc_column][vc_column width=&#8221;1\/4&#8243;][\/vc_column][\/vc_row][vc_row][vc_column][vc_empty_space height=&#8221;50px&#8221;][\/vc_column][\/vc_row]<\/p>\n","protected":false},"excerpt":{"rendered":"<p>[vc_row][vc_column width=&#8221;1\/3&#8243;][\/vc_column][vc_column width=&#8221;1\/3&#8243;][vc_column_text]Sommerpause + Entwicklungsarbeiten: 15.07. \u2013 31.08.2025 Sehr geehrte Kunden, in der Zeit von einschlie\u00dflich 15.07. bis 31.08. haben wir aufgrund der angek\u00fcndigten Ma\u00dfnahmen eingeschr\u00e4nkten IT-Support. Schreiben Sie uns am Besten eine Mail unter der Ihnen bekannten Mailadressen und den Wunsch, wie wir Sie am besten erreichen k\u00f6nnen. Gerne auch eine SMS. Wir melden [&hellip;]<\/p>\n","protected":false},"author":1,"featured_media":0,"parent":0,"menu_order":0,"comment_status":"closed","ping_status":"closed","template":"template-builder.php","meta":{"footnotes":""},"class_list":["post-1866","page","type-page","status-publish","hentry"],"_links":{"self":[{"href":"https:\/\/www.hace.de\/index.php?rest_route=\/wp\/v2\/pages\/1866","targetHints":{"allow":["GET"]}}],"collection":[{"href":"https:\/\/www.hace.de\/index.php?rest_route=\/wp\/v2\/pages"}],"about":[{"href":"https:\/\/www.hace.de\/index.php?rest_route=\/wp\/v2\/types\/page"}],"author":[{"embeddable":true,"href":"https:\/\/www.hace.de\/index.php?rest_route=\/wp\/v2\/users\/1"}],"replies":[{"embeddable":true,"href":"https:\/\/www.hace.de\/index.php?rest_route=%2Fwp%2Fv2%2Fcomments&post=1866"}],"version-history":[{"count":57,"href":"https:\/\/www.hace.de\/index.php?rest_route=\/wp\/v2\/pages\/1866\/revisions"}],"predecessor-version":[{"id":2058,"href":"https:\/\/www.hace.de\/index.php?rest_route=\/wp\/v2\/pages\/1866\/revisions\/2058"}],"wp:attachment":[{"href":"https:\/\/www.hace.de\/index.php?rest_route=%2Fwp%2Fv2%2Fmedia&parent=1866"}],"curies":[{"name":"wp","href":"https:\/\/api.w.org\/{rel}","templated":true}]}}