{"id":1798,"date":"2021-07-27T08:49:38","date_gmt":"2021-07-27T08:49:38","guid":{"rendered":"https:\/\/www.hace.de\/?page_id=1798"},"modified":"2021-07-27T11:44:42","modified_gmt":"2021-07-27T11:44:42","slug":"vorort-besichtigung","status":"publish","type":"page","link":"https:\/\/www.hace.de\/?page_id=1798","title":{"rendered":"Vorf\u00fchrung \/ Besichtigung"},"content":{"rendered":"<p>[vc_row full_width=&#8221;stretch_row_content_no_spaces&#8221;][vc_column]        <div id=\"singara-section69e0f9c4e33b1-7689\" class=\"singara--section  vc_custom_1526464007297\">\r\n            <div class=\"container\">\r\n\t\t\t[vc_row_inner][vc_column_inner width=&#8221;1\/2&#8243; css=&#8221;.vc_custom_1526463990871{padding-right: 15px !important;padding-bottom: 50px !important;padding-left: 15px !important;}&#8221;][vc_column_text]Gerne f\u00fchren wir Ihnen unsere IT L\u00f6sung vor.<\/p>\n<p>Vorrangig laden wir hierzu Labore sowie Zahntechniker hierzu ein.<\/p>\n<p>Aber auch deren Partner IT Systemh\u00e4user sind herzlich eingeladen.[\/vc_column_text][vc_separator el_width=&#8221;50&#8243;][vc_column_text]F\u00fcr eine kostenlose Vorf\u00fchrung ben\u00f6tigen wir einige Informationen \u00fcber Sie bzw. Ihr Unternehmen.<\/p>\n<p>Nach Eingabe und Versand Ihrer Daten erhalten Sie nach pers\u00f6nlicher Pr\u00fcfung Ihrer Angaben eine Best\u00e4tigung inkl. einer auf Ihre Daten abgestimmte Vertraulichkeitsvereinbarung. Diese muss von Ihnen unterzeichnet und an uns zur\u00fcckgesendet werden &#8211; antworten Sie hierzu einfach auf die Best\u00e4tigungs-Mail.<\/p>\n<p>Danach simmen wir kurzfristig mit Ihnen einen Termin ab.<\/p>\n<p>Vielen Dank f\u00fcr Ihr Interesse.[\/vc_column_text][\/vc_column_inner][vc_column_inner width=&#8221;1\/2&#8243; css=&#8221;.vc_custom_1526463998674{padding-right: 15px !important;padding-bottom: 60px !important;padding-left: 15px !important;}&#8221;]\t\r\n\t\t<div class=\"singara-single-img border alignright  wpb_animate_when_almost_visible wpb_fadeInUp fadeInUp\">\r\n\t\t\t<img decoding=\"async\" src=\"https:\/\/www.hace.de\/wp-content\/uploads\/2018\/04\/portfolio-item-01.jpg\" alt=\"portfolio item 01\" \/>\t\t<\/div>\r\n\t\t[\/vc_column_inner][\/vc_row_inner]\t\t\t<\/div>\r\n\t\t<\/div>\r\n\t\t[\/vc_column][\/vc_row][vc_row][vc_column width=&#8221;1\/3&#8243;][\/vc_column][vc_column width=&#8221;1\/3&#8243;]<p class=\"wpcf7-contact-form-not-found\"><strong>Fehler:<\/strong> Kontaktformular wurde nicht gefunden.<\/p>[\/vc_column][vc_column width=&#8221;1\/3&#8243;][\/vc_column][\/vc_row][vc_row][vc_column][vc_empty_space height=&#8221;50px&#8221;][\/vc_column][\/vc_row]<\/p>\n","protected":false},"excerpt":{"rendered":"<p>[vc_row full_width=&#8221;stretch_row_content_no_spaces&#8221;][vc_column][\/vc_column][\/vc_row][vc_row][vc_column width=&#8221;1\/3&#8243;][\/vc_column][vc_column width=&#8221;1\/3&#8243;][\/vc_column][vc_column width=&#8221;1\/3&#8243;][\/vc_column][\/vc_row][vc_row][vc_column][vc_empty_space height=&#8221;50px&#8221;][\/vc_column][\/vc_row]<\/p>\n","protected":false},"author":1,"featured_media":0,"parent":0,"menu_order":0,"comment_status":"closed","ping_status":"closed","template":"template-builder.php","meta":{"footnotes":""},"class_list":["post-1798","page","type-page","status-publish","hentry"],"_links":{"self":[{"href":"https:\/\/www.hace.de\/index.php?rest_route=\/wp\/v2\/pages\/1798","targetHints":{"allow":["GET"]}}],"collection":[{"href":"https:\/\/www.hace.de\/index.php?rest_route=\/wp\/v2\/pages"}],"about":[{"href":"https:\/\/www.hace.de\/index.php?rest_route=\/wp\/v2\/types\/page"}],"author":[{"embeddable":true,"href":"https:\/\/www.hace.de\/index.php?rest_route=\/wp\/v2\/users\/1"}],"replies":[{"embeddable":true,"href":"https:\/\/www.hace.de\/index.php?rest_route=%2Fwp%2Fv2%2Fcomments&post=1798"}],"version-history":[{"count":7,"href":"https:\/\/www.hace.de\/index.php?rest_route=\/wp\/v2\/pages\/1798\/revisions"}],"predecessor-version":[{"id":1810,"href":"https:\/\/www.hace.de\/index.php?rest_route=\/wp\/v2\/pages\/1798\/revisions\/1810"}],"wp:attachment":[{"href":"https:\/\/www.hace.de\/index.php?rest_route=%2Fwp%2Fv2%2Fmedia&parent=1798"}],"curies":[{"name":"wp","href":"https:\/\/api.w.org\/{rel}","templated":true}]}}