{"id":1682,"date":"2021-07-03T15:55:02","date_gmt":"2021-07-03T15:55:02","guid":{"rendered":"https:\/\/www.hace.de\/?page_id=1682"},"modified":"2022-01-23T23:41:29","modified_gmt":"2022-01-23T23:41:29","slug":"dedicated-hosting-2","status":"publish","type":"page","link":"https:\/\/www.hace.de\/?page_id=1682","title":{"rendered":"Medizinische Produkteverordnung"},"content":{"rendered":"<p>[vc_row full_width=&#8221;stretch_row_content_no_spaces&#8221;][vc_column]        <div id=\"singara-section69e0b6e60904b-7521\" class=\"singara--section \">\r\n            <div class=\"container\">\r\n\t\t\t[vc_row_inner][vc_column_inner width=&#8221;1\/2&#8243; css=&#8221;.vc_custom_1625349275806{padding-right: 15px !important;padding-left: 15px !important;}&#8221;][vc_column_text]Viele Labore sowie medizinische Betriebe setzen renommierte Dentallabor Software L\u00f6sungen ein.<\/p>\n<p>Die Zeiten haben sich jedoch dahin gehend ge\u00e4ndert, dass die aktuell anstehende B\u00fcrokratie allen Laboren vor sehr gro\u00dfen Herausforderungen stellt:<\/p>\n<p>&nbsp;<\/p>\n<p>Dabei ist die Rede von<\/p>\n<ul>\n<li>CAD- Cam Fertigung,<\/li>\n<li>digitale Abformung,<\/li>\n<li>Kundenakquise,<\/li>\n<li>zahntechnischer Beratung,<\/li>\n<li>Gef\u00e4hrdungsbeurteilung,<\/li>\n<li>Mitarbeiterunterweisung,<\/li>\n<li>Brandschutzhelfer,<\/li>\n<li>Hautschutzplan und Hygieneplatz,<\/li>\n<li>MPG,<\/li>\n<li>Zahntechnische aus- und Weiterbildung sowie<\/li>\n<li>Investitionsdruck und Fortschritt.<\/li>\n<\/ul>\n<p>[\/vc_column_text][\/vc_column_inner][vc_column_inner width=&#8221;1\/2&#8243; css=&#8221;.vc_custom_1625349282362{padding-right: 15px !important;padding-left: 15px !important;}&#8221;]\t\r\n\t\t<div class=\"singara-single-img \">\r\n\t\t\t<img decoding=\"async\" src=\"https:\/\/www.hace.de\/wp-content\/uploads\/2021\/06\/156776937_s.jpg\" alt=\"156776937_s\" \/>\t\t<\/div>\r\n\t\t[\/vc_column_inner][\/vc_row_inner]\t\t\t<div id=\"textblock69e0b6e609401-7951\" class=\"post--content textblock clearfix \">\r\n\t\t\t\t<p>Dieses und vielleicht auch noch viele andere Dinge belasten zunehmend den Alltag.<\/p>\n<p>Und seit geraumer Zeit str\u00f6mt das gro\u00dfe Thema MDR mit seiner B\u00fcrokratie und der Chargenr\u00fcckverfolgung wie eine gro\u00dfe Welle entgegen.<\/p>\n<hr \/>\n<p>Daher m\u00f6chten wir kurz unsere hausinterne L\u00f6sung vorstellen, welche auf dem Markt aktuell einzigartig ist und zudem sich zurecht als innovativ f\u00fchrend von jedem Labor bedienen l\u00e4sst \u2013 ganz gleich wie klein oder gro\u00df das Labor ist.<\/p>\n<p>&nbsp;<\/p>\n<p>Ideal w\u00e4re eine L\u00f6sung<\/p>\n<ul>\n<li>ohne gro\u00dfe Investitionen und noch besser w\u00e4re es,<\/li>\n<li>kein Warenwirtschaftsprogramm bedienen zu m\u00fcssen.<\/li>\n<li>Praktisch w\u00e4re es dann auch, wenn es wirklich von jedem Mitarbeiter ohne gro\u00dfartige Kenntnisse oder Schulungsaufwand bedient werden kann und<\/li>\n<li>dar\u00fcber hinaus zu 100% Prozesssicher ist.<\/li>\n<\/ul>\n<p>&nbsp;<\/p>\n<p><span style=\"color: #b31919;\"><strong>Klingt zu gut um wahr zu sein?<\/strong><\/span><\/p>\n<p>&nbsp;<\/p>\n<p>Nun, das Produkt ist absolute Realit\u00e4t und kann ab sofort bei uns bezogen werden. Alles kann und wird individuell auf den jeweiligen Betrieb angepasst.<\/p>\n<p>Da die Umsetzung in ihrer Funktionalit\u00e4t so simpel konstruiert ist, kann es wirklich von jedem Mitarbeiter bedient werden.<\/p>\n<p>&nbsp;<\/p>\n<p>Und wir setzen noch eines drauf: es ist keine Software L\u00f6sung, sondern ein ADD-ON Produkt: es arbeitet mit Ihrem Auftragserfassungssystem &#8211; ganz gleich, welches Sie in Ihrem Betrieb im Einsatz haben. Die &#8220;n\u00f6tige Intelligenz&#8221; sowie Verbindung f\u00fcr die Kommunikation unserer Hard-\/Software L\u00f6sung und ihrer Auftragserfassungssoftware stellen wir im Rahmen des Einrichtungsprozesses her. Wir greifen zu keinem Zeitpunkt in Ihren Datenbestand ein bzw. es existiert auch keine programmtechnische Verbindung.<\/p>\n\t\t\t<\/div>\r\n\t\t\t\t\t<\/div>\r\n\t\t<\/div>\r\n\t\t[\/vc_column][\/vc_row][vc_row full_width=&#8221;stretch_row_content_no_spaces&#8221;][vc_column][vc_empty_space][vc_separator el_width=&#8221;50&#8243;][vc_empty_space][\/vc_column][\/vc_row][vc_row full_width=&#8221;stretch_row_content_no_spaces&#8221;][vc_column width=&#8221;1\/4&#8243;][vc_empty_space][\/vc_column][vc_column width=&#8221;1\/2&#8243; css=&#8221;.vc_custom_1641978755208{margin-right: 30px !important;margin-left: 65px !important;}&#8221;][vc_wp_text]Und wie das genau funktioniert, erkl\u00e4rt Ihnen das Zahntechniker Labor Siepermann (hier im Bild Herr Marcus Siepermann) &#8211; f\u00fcr Sie zusammen gefasst, wie schnell und einfach die Materialerfassung im Auftrag durchgef\u00fchrt werden kann:<\/p>\n<p>&nbsp;<\/p>\n\n<p>[\/vc_wp_text][\/vc_column][vc_column width=&#8221;1\/4&#8243;][vc_empty_space][\/vc_column][\/vc_row][vc_row full_width=&#8221;stretch_row_content_no_spaces&#8221;][vc_column][vc_empty_space][vc_separator el_width=&#8221;50&#8243;][vc_empty_space][\/vc_column][\/vc_row][vc_row full_width=&#8221;stretch_row_content_no_spaces&#8221;][vc_column]        <div id=\"singara-section69e0b6e609730-9899\" class=\"singara--section  vc_custom_1625340594690\">\r\n            <div class=\"container\">\r\n\t\t\t<div class=\"section--title wpb_animate_when_almost_visible wpb_fadeInUp fadeInUp text-center\" ><p >Erweiterungen<\/p><h2 class=\"h2\" >WICHTIG<\/h2><\/div>[vc_row_inner css=&#8221;.vc_custom_1526446807096{margin-right: -15px !important;margin-left: -15px !important;}&#8221;][vc_column_inner css=&#8221;.vc_custom_1526446949762{padding-right: 15px !important;padding-bottom: 15px !important;padding-left: 15px !important;}&#8221; offset=&#8221;vc_col-md-6&#8243;]        <div class=\"faq--items panel-group  wpb_animate_when_almost_visible wpb_fadeInUp fadeInUp\" id=\"130743631969e0b6e6097e4\">\r\n\t\t\t\t\t\t<div class=\"faq--item panel\">\r\n\t\t\t\t<div class=\"panel-heading\">\r\n\t\t\t\t\t\t\t\t\t\t<h3 class=\"panel-title\">\r\n\t\t\t\t\t\t<a href=\"#wer-ist-von-der-umstellung-gemaess-mdr-betroffen69e0b6e609881\" class=\"collapsed bg--color-theme\" data-toggle=\"collapse\" data-parent=\"#130743631969e0b6e6097e4\">Wer ist von der Umstellung gem\u00e4\u00df MDR betroffen?<\/a>\r\n\t\t\t\t\t<\/h3>\r\n\t\t\t\t\t\t\t\t\t<\/div>\r\n\r\n\t\t\t\t<div id=\"wer-ist-von-der-umstellung-gemaess-mdr-betroffen69e0b6e609881\" class=\"panel-collapse collapse\">\r\n\t\t\t\t\t<div class=\"panel-body\">\r\n\t\t\t\t\t\t<p>Ohne Ausnahme: jedes Labor!<\/p>\n<p>Sinn und Zweck der medinizischen Produkteverordnung ist die R\u00fcckverfolgbarkeit, was wof\u00fcr genau benutzt worden ist (einfach ausgedr\u00fcckt).<\/p>\n<p>Und genau deswegen wird der &#8220;1-Mann-Betrieb&#8221; als auch das gro\u00dfe Labor gleicherma\u00dfen zur Verantwortung herangezogen.<\/p>\n<p>Es ist keine &#8220;Kann-Option&#8221;, sondern eine Muss. Gerade weil es gesetzlich vorgeschrieben ist.<\/p>\n<p>Verst\u00f6\u00dfe jeglicher Art gegen die medinizische Produkteverordnung beginnen im 5-stelligen Bereich und auch die Betriebshaftpflicht wird regul\u00e4r im Schadensfall keinen Versicherungsschutz bieten.<\/p>\n\t\t\t\t\t<\/div>\r\n\t\t\t\t<\/div>\r\n\t\t\t<\/div>\r\n\t\t\t\t\t<div class=\"faq--item panel\">\r\n\t\t\t\t<div class=\"panel-heading\">\r\n\t\t\t\t\t\t\t\t\t\t<h3 class=\"panel-title\">\r\n\t\t\t\t\t\t<a href=\"#inhaltliche-rueckfragen69e0b6e6098ed\" class=\"collapsed bg--color-theme\" data-toggle=\"collapse\" data-parent=\"#130743631969e0b6e6097e4\">Inhaltliche R\u00fcckfragen<\/a>\r\n\t\t\t\t\t<\/h3>\r\n\t\t\t\t\t\t\t\t\t<\/div>\r\n\r\n\t\t\t\t<div id=\"inhaltliche-rueckfragen69e0b6e6098ed\" class=\"panel-collapse collapse\">\r\n\t\t\t\t\t<div class=\"panel-body\">\r\n\t\t\t\t\t\t<p>Rufen Sie uns unter 02137 \u2013 40 99 052 an. Unser Partner-Labor beantwortet gerne all Ihre inhaltlichen R\u00fcckfragen t\u00e4glich in der Zeit von 15 bis 18 Uhr.<\/p>\n<p>Oder schreiben Sie uns eine Mail. Wir rufen dann auch gerne zur\u00fcck. Vielen Dank.<\/p>\n\t\t\t\t\t<\/div>\r\n\t\t\t\t<\/div>\r\n\t\t\t<\/div>\r\n\t\t\t\t\t<div class=\"faq--item panel\">\r\n\t\t\t\t<div class=\"panel-heading\">\r\n\t\t\t\t\t\t\t\t\t\t<h3 class=\"panel-title\">\r\n\t\t\t\t\t\t<a href=\"#bestellablauf69e0b6e609925\" class=\"collapsed bg--color-theme\" data-toggle=\"collapse\" data-parent=\"#130743631969e0b6e6097e4\">Bestellablauf<\/a>\r\n\t\t\t\t\t<\/h3>\r\n\t\t\t\t\t\t\t\t\t<\/div>\r\n\r\n\t\t\t\t<div id=\"bestellablauf69e0b6e609925\" class=\"panel-collapse collapse\">\r\n\t\t\t\t\t<div class=\"panel-body\">\r\n\t\t\t\t\t\t<p>Schreiben Sie uns bitte eine Mail oder rufen Sie uns gerne an:<\/p>\n<p><strong>02137 \u2013 40 99 967<\/strong><\/p>\n<p>Teilen Sie uns Ihre Rechnungs- sowie Lieferanschrift als auch Ihre Mailadresse mit.<\/p>\n<p>Wir erstellen Ihr Kundenkonto mit Ihrem tempor\u00e4ren Kennwort und hinterlegen zu Ihrer gew\u00fcnschten Bestellung die entsprechende Rechnung.<\/p>\n<p>Nach Zahlungseingang erhalten Sie \u00fcber jeden Bestell- sowie Lieferprozess eine Mail.<\/p>\n<p><span style=\"color: #c00000;\">Also volle Transparenz!<\/span><\/p>\n\t\t\t\t\t<\/div>\r\n\t\t\t\t<\/div>\r\n\t\t\t<\/div>\r\n\t\t\t\t\t<div class=\"faq--item panel\">\r\n\t\t\t\t<div class=\"panel-heading\">\r\n\t\t\t\t\t\t\t\t\t\t<h3 class=\"panel-title\">\r\n\t\t\t\t\t\t<a href=\"#ich-habe-meine-lieferung-erhalten-und-nun69e0b6e609974\" class=\"collapsed bg--color-theme\" data-toggle=\"collapse\" data-parent=\"#130743631969e0b6e6097e4\">Ich habe meine Lieferung erhalten. Und nun?<\/a>\r\n\t\t\t\t\t<\/h3>\r\n\t\t\t\t\t\t\t\t\t<\/div>\r\n\r\n\t\t\t\t<div id=\"ich-habe-meine-lieferung-erhalten-und-nun69e0b6e609974\" class=\"panel-collapse collapse\">\r\n\t\t\t\t\t<div class=\"panel-body\">\r\n\t\t\t\t\t\t<p>Entweder nutzen Sie unser <span style=\"color: #c00000;\">MDR Trainer-Paket<\/span> (und wir richten alles gemeinsam mit Ihnen ein und gehen dabei auf Ihr Auftragserfassungssystem ein) oder Sie legen direkt selbst\u00e4ndig los.<\/p>\n<p>Ihr Labor hat &#8211; wie jedes andere auch &#8211; meist ihre eigenen Chargennummern und Bezeichnungen. Die mitgelieferten, individuell erstellten Prozesslisten sind allgemein gehalten und k\u00f6nnen dennoch von Ihnen genutzt werden.<\/p>\n<p>Wenn Sie jedoch die bereitgestellten Prozesslisten auf Ihr Labor personalisiert und erneut ausgestellt haben m\u00f6chten, senden Sie uns Ihre Korrekturw\u00fcnsche (drauf geschrieben oder separat auf Papier) gescannt oder kostenfrei per Post an uns zur\u00fcck.<\/p>\n<p>Im Rahmen des <span style=\"color: #c00000;\">Jahressupport<\/span> wird nach einer Durchsicht und ohne R\u00fcckfragen umgehend die Print-Produktion eingeleitet. Nach Fertigstellung erhalten Sie Ihre personalisierten Unterlagen zur optimalen Datenerfassung per Post zur\u00fcck.<\/p>\n<p>Gerne auch in mehrfacher Ausfertigung, damit bei Mehrplatzl\u00f6sungen alle Mitarbeiter ohne Unterbrechung ihren Aufgaben nachgehen k\u00f6nnen.<\/p>\n\t\t\t\t\t<\/div>\r\n\t\t\t\t<\/div>\r\n\t\t\t<\/div>\r\n\t\t\t\t\t<div class=\"faq--item panel\">\r\n\t\t\t\t<div class=\"panel-heading\">\r\n\t\t\t\t\t\t\t\t\t\t<h3 class=\"panel-title\">\r\n\t\t\t\t\t\t<a href=\"#b2b-2-jahresgarantie69e0b6e6099d2\" class=\"collapsed bg--color-theme\" data-toggle=\"collapse\" data-parent=\"#130743631969e0b6e6097e4\">B2B 2 Jahresgarantie<\/a>\r\n\t\t\t\t\t<\/h3>\r\n\t\t\t\t\t\t\t\t\t<\/div>\r\n\r\n\t\t\t\t<div id=\"b2b-2-jahresgarantie69e0b6e6099d2\" class=\"panel-collapse collapse\">\r\n\t\t\t\t\t<div class=\"panel-body\">\r\n\t\t\t\t\t\t<p>Solange Sie den Jahressupport in Anspruch nehmen, sind Ihre Handscanner grunds\u00e4tzlich abgesichert &#8211; und das von bis zu 2 Jahre ab Kaufdatum.<\/p>\n<p>Ohne die Inanspruchnahme des Jahressupports haben Sie eine gesetzliche Garantiezeit von einem Jahr.<\/p>\n<p>Die gesetzlich vorgeschriebene 2 Jahre Gew\u00e4hrleistung bleibt hiervon unber\u00fchrt.<\/p>\n<p>Bitte beachten Sie, dass auf Verschlie\u00dfteile wie Akku&#8217;s die Garantie als auch Gew\u00e4hrleistung eingeschr\u00e4nkt ist. Mehr Informationen hierzu erfahren Sie <a href=\"https:\/\/www.hace.de\/?page_id=1436\">hier<\/a>.<\/p>\n<hr \/>\n<p>\u00dcbrigens:<\/p>\n<p>F\u00fcr 20,00 EUR mtl. mehr sind Ihre Ger\u00e4te grunds\u00e4tzlich und f\u00fcr alle Zeiten versichert. Egal, ob der Akku streikt oder das Ger\u00e4t technisch bedingt nicht mehr funktioniert.<\/p>\n<p>Mehr Informationen erhalten Sie rechts unter <span style=\"color: #c00000;\">Jahressupport-PLUS<\/span>.<\/p>\n\t\t\t\t\t<\/div>\r\n\t\t\t\t<\/div>\r\n\t\t\t<\/div>\r\n\t\t\t\t<\/div>\r\n\t\t[\/vc_column_inner][vc_column_inner css=&#8221;.vc_custom_1526446942082{padding-right: 15px !important;padding-bottom: 15px !important;padding-left: 15px !important;}&#8221; offset=&#8221;vc_col-md-6&#8243;]        <div class=\"faq--items panel-group  wpb_animate_when_almost_visible wpb_fadeInUp fadeInUp\" id=\"187957741569e0b6e609a33\">\r\n\t\t\t\t\t\t<div class=\"faq--item panel\">\r\n\t\t\t\t<div class=\"panel-heading\">\r\n\t\t\t\t\t\t\t\t\t\t<h3 class=\"panel-title\">\r\n\t\t\t\t\t\t<a href=\"#welches-auftragserfassungssystem-wird-unterstuetzt69e0b6e609a90\" class=\"collapsed bg--color-theme\" data-toggle=\"collapse\" data-parent=\"#187957741569e0b6e609a33\">Welches Auftragserfassungssystem wird unterst\u00fctzt?<\/a>\r\n\t\t\t\t\t<\/h3>\r\n\t\t\t\t\t\t\t\t\t<\/div>\r\n\r\n\t\t\t\t<div id=\"welches-auftragserfassungssystem-wird-unterstuetzt69e0b6e609a90\" class=\"panel-collapse collapse\">\r\n\t\t\t\t\t<div class=\"panel-body\">\r\n\t\t\t\t\t\t<p>Kurz gesagt: jedes System wird unterst\u00fctzt!<\/p>\n<p>Wir haben uns aktuell auf eines der f\u00fchrenden Systeme fokussiert, jedoch ist unser System adaptiv und arbeitet systemunbah\u00e4ngig. Nach ausgiebiger Kommunikation und R\u00fccksprache mit Ihnen, unserem Labor als auch unseren IT Spezialisten wird unser System an das Ihre &#8220;angeschlossen&#8221;.<\/p>\n<p>Wichtig: unser System greift zum keinen Zeitpunkt auf Ihren Datenbestand zu und Sie haben die volle administrative Kontrolle!<\/p>\n\t\t\t\t\t<\/div>\r\n\t\t\t\t<\/div>\r\n\t\t\t<\/div>\r\n\t\t\t\t\t<div class=\"faq--item panel\">\r\n\t\t\t\t<div class=\"panel-heading\">\r\n\t\t\t\t\t\t\t\t\t\t<h3 class=\"panel-title\">\r\n\t\t\t\t\t\t<a href=\"#welche-gesamtkosten-kommen-auf-mich-zu69e0b6e609ad3\" class=\"collapsed bg--color-theme\" data-toggle=\"collapse\" data-parent=\"#187957741569e0b6e609a33\">Welche ``Gesamtkosten`` kommen auf mich zu?<\/a>\r\n\t\t\t\t\t<\/h3>\r\n\t\t\t\t\t\t\t\t\t<\/div>\r\n\r\n\t\t\t\t<div id=\"welche-gesamtkosten-kommen-auf-mich-zu69e0b6e609ad3\" class=\"panel-collapse collapse\">\r\n\t\t\t\t\t<div class=\"panel-body\">\r\n\t\t\t\t\t\t<p>Neben den oben aufgef\u00fchrten 3 Varianten kommen erst einmal keine Kosten auf Sie zu.<\/p>\n<p>Sofern Sie Ihre Auftragserfassung bisher vollst\u00e4ndig selbst bisher gepflegt haben, d\u00fcrften Sie mit der von Ihnen bestellen Ausr\u00fcstung ohne weiteres nach MDR-2021-Standard Daten erfassen k\u00f6nnen.<\/p>\n<p>Wir empfehlen jedoch das unten aufgef\u00fchrte <span style=\"color: #c00000;\">MDR Trainer-Paket<\/span> &#8211; als auch den <span style=\"color: #c00000;\">Jahresupport<\/span> (siehe unten) zus\u00e4tzlich zu buchen, da damit Sie nicht nur richtig vorbereitet und informiert sind, sondern alle zuk\u00fcnftigen (inhaltlichen) Erweiterungen, Upgrades als auch s\u00e4mtlicher technischer Support ist inbegriffen &#8211; ganz ohne &#8220;\u00dcberraschungskosten&#8221;!<\/p>\n\t\t\t\t\t<\/div>\r\n\t\t\t\t<\/div>\r\n\t\t\t<\/div>\r\n\t\t\t\t\t<div class=\"faq--item panel\">\r\n\t\t\t\t<div class=\"panel-heading\">\r\n\t\t\t\t\t\t\t\t\t\t<h3 class=\"panel-title\">\r\n\t\t\t\t\t\t<a href=\"#was-wenn-ich-zusaetzliche-unterstuetzung-benoetige69e0b6e609b1f\" class=\"collapsed bg--color-theme\" data-toggle=\"collapse\" data-parent=\"#187957741569e0b6e609a33\">Was, wenn ich zus\u00e4tzliche Unterst\u00fctzung ben\u00f6tige?<\/a>\r\n\t\t\t\t\t<\/h3>\r\n\t\t\t\t\t\t\t\t\t<\/div>\r\n\r\n\t\t\t\t<div id=\"was-wenn-ich-zusaetzliche-unterstuetzung-benoetige69e0b6e609b1f\" class=\"panel-collapse collapse\">\r\n\t\t\t\t\t<div class=\"panel-body\">\r\n\t\t\t\t\t\t<p>Unser Partner-Labor richtet gerne den ersten Schritt gemeinsam mit Ihnen in Ihrem Betrieb zum Pauschalpreis ein.<\/p>\n<p>Das Ganze findet dann meist per Fernwartung statt. Je nach Entfernung ist auch eine Vor-Ort Einrichtung m\u00f6glich.<\/p>\n<p>Sprechen Sie uns gerne hierzu an unter 02137 \u2013 40 99 052.<\/p>\n<p>Mehr Informationen hierzu erhalten Sie unten unter dem MDR Trainer-Paket.<\/p>\n\t\t\t\t\t<\/div>\r\n\t\t\t\t<\/div>\r\n\t\t\t<\/div>\r\n\t\t\t\t<\/div>\r\n\t\t[\/vc_column_inner][\/vc_row_inner]\t\t\t<\/div>\r\n\t\t<\/div>\r\n\t\t[\/vc_column][\/vc_row][vc_row full_width=&#8221;stretch_row_content_no_spaces&#8221;][vc_column][vc_separator el_width=&#8221;50&#8243; css=&#8221;.vc_custom_1627386021267{padding-top: 20px !important;padding-bottom: 20px !important;}&#8221;]        <div id=\"singara-section69e0b6e609b74-1985\" class=\"singara--section  vc_custom_1625349722742\">\r\n            <div class=\"container\">\r\n\t\t\t<div class=\"section--title wpb_animate_when_almost_visible wpb_fadeInUp fadeInUp text-center\" ><p >PR\u00c4SENTATION<\/p><h2 class=\"h2\" >Vorf\u00fchrung<\/h2><\/div>[vc_row_inner css=&#8221;.vc_custom_1525955873490{margin-right: -15px !important;margin-left: -15px !important;}&#8221;][vc_column_inner width=&#8221;1\/4&#8243; css=&#8221;.vc_custom_1526190586490{padding-right: 15px !important;padding-left: 15px !important;}&#8221;][\/vc_column_inner][vc_column_inner width=&#8221;1\/4&#8243; css=&#8221;.vc_custom_1526190580312{padding-right: 15px !important;padding-left: 15px !important;}&#8221;][vc_column_text]Besuchen Sie unser Partner-Labor und \u00fcberzeugen Sie sich selbst, wie schnell und einfach unsere L\u00f6sung sich benutzen l\u00e4sst.<\/p>\n<p>Vereinbaren Sie kurzfristig einen Termin &#8211; wir freuen uns auf Sie!<\/p>\n<p>&nbsp;<\/p>\n<p><a href=\"https:\/\/www.hace.de\/?page_id=1798\"><span style=\"color: #cc6a6a;\"><strong>-&gt; Hier geht es zur Anmeldung<\/strong><\/span><\/a>[\/vc_column_text][\/vc_column_inner][vc_column_inner width=&#8221;1\/4&#8243; css=&#8221;.vc_custom_1526190574242{padding-right: 15px !important;padding-left: 15px !important;}&#8221;][vc_single_image image=&#8221;1180&#8243; img_size=&#8221;large&#8221; style=&#8221;vc_box_outline_circle&#8221;][\/vc_column_inner][vc_column_inner width=&#8221;1\/4&#8243;][\/vc_column_inner][\/vc_row_inner]\t\t\t<\/div>\r\n\t\t<\/div>\r\n\t\t[vc_separator el_width=&#8221;50&#8243; css=&#8221;.vc_custom_1627386021267{padding-top: 20px !important;padding-bottom: 20px !important;}&#8221;][\/vc_column][\/vc_row][vc_row full_width=&#8221;stretch_row_content_no_spaces&#8221;][vc_column css=&#8221;.vc_custom_1625352343186{padding-top: 50px !important;}&#8221;][vc_column_text]<\/p>\n<p style=\"text-align: center;\"><span style=\"color: #eb4444;\"><strong>Inhaltliche R\u00fcckfrage<\/strong><\/span><strong><span style=\"color: #eb4444;\">n<\/span><\/strong> beantwortet Ihnen das Labor unter: 02137 &#8211; 40 99 052<\/p>\n<p style=\"text-align: center;\">Nach einer Bestellung stehen wir Ihnen bei <strong><span style=\"color: #4695e3;\">technischen &amp; kaufm\u00e4nnischen<\/span><\/strong> <span style=\"color: #4695e3;\"><strong>R\u00fcckfragen<\/strong> <\/span>zur Verf\u00fcgung unter: 02137 &#8211; 40 99 967<\/p>\n<p>[\/vc_column_text][\/vc_column][\/vc_row]<\/p>\n","protected":false},"excerpt":{"rendered":"<p>[vc_row full_width=&#8221;stretch_row_content_no_spaces&#8221;][vc_column][\/vc_column][\/vc_row][vc_row full_width=&#8221;stretch_row_content_no_spaces&#8221;][vc_column][vc_empty_space][vc_separator el_width=&#8221;50&#8243;][vc_empty_space][\/vc_column][\/vc_row][vc_row full_width=&#8221;stretch_row_content_no_spaces&#8221;][vc_column width=&#8221;1\/4&#8243;][vc_empty_space][\/vc_column][vc_column width=&#8221;1\/2&#8243; css=&#8221;.vc_custom_1641978755208{margin-right: 30px !important;margin-left: 65px !important;}&#8221;][vc_wp_text]Und wie das genau funktioniert, erkl\u00e4rt Ihnen das Zahntechniker Labor Siepermann (hier im Bild Herr Marcus Siepermann) &#8211; f\u00fcr Sie zusammen gefasst, wie schnell und einfach die Materialerfassung im Auftrag durchgef\u00fchrt werden kann: &nbsp; [\/vc_wp_text][\/vc_column][vc_column width=&#8221;1\/4&#8243;][vc_empty_space][\/vc_column][\/vc_row][vc_row full_width=&#8221;stretch_row_content_no_spaces&#8221;][vc_column][vc_empty_space][vc_separator el_width=&#8221;50&#8243;][vc_empty_space][\/vc_column][\/vc_row][vc_row full_width=&#8221;stretch_row_content_no_spaces&#8221;][vc_column][\/vc_column][\/vc_row][vc_row full_width=&#8221;stretch_row_content_no_spaces&#8221;][vc_column][vc_separator el_width=&#8221;50&#8243; css=&#8221;.vc_custom_1627386021267{padding-top: 20px !important;padding-bottom: [&hellip;]<\/p>\n","protected":false},"author":1,"featured_media":0,"parent":0,"menu_order":0,"comment_status":"closed","ping_status":"closed","template":"template-builder.php","meta":{"footnotes":""},"class_list":["post-1682","page","type-page","status-publish","hentry"],"_links":{"self":[{"href":"https:\/\/www.hace.de\/index.php?rest_route=\/wp\/v2\/pages\/1682","targetHints":{"allow":["GET"]}}],"collection":[{"href":"https:\/\/www.hace.de\/index.php?rest_route=\/wp\/v2\/pages"}],"about":[{"href":"https:\/\/www.hace.de\/index.php?rest_route=\/wp\/v2\/types\/page"}],"author":[{"embeddable":true,"href":"https:\/\/www.hace.de\/index.php?rest_route=\/wp\/v2\/users\/1"}],"replies":[{"embeddable":true,"href":"https:\/\/www.hace.de\/index.php?rest_route=%2Fwp%2Fv2%2Fcomments&post=1682"}],"version-history":[{"count":102,"href":"https:\/\/www.hace.de\/index.php?rest_route=\/wp\/v2\/pages\/1682\/revisions"}],"predecessor-version":[{"id":1852,"href":"https:\/\/www.hace.de\/index.php?rest_route=\/wp\/v2\/pages\/1682\/revisions\/1852"}],"wp:attachment":[{"href":"https:\/\/www.hace.de\/index.php?rest_route=%2Fwp%2Fv2%2Fmedia&parent=1682"}],"curies":[{"name":"wp","href":"https:\/\/api.w.org\/{rel}","templated":true}]}}