{"id":1657,"date":"2021-06-27T17:18:48","date_gmt":"2021-06-27T17:18:48","guid":{"rendered":"https:\/\/www.hace.de\/?page_id=1657"},"modified":"2021-06-27T17:23:46","modified_gmt":"2021-06-27T17:23:46","slug":"tse-gobd","status":"publish","type":"page","link":"https:\/\/www.hace.de\/?page_id=1657","title":{"rendered":"TSE &#038; GoBD"},"content":{"rendered":"<p>[vc_row full_width=&#8221;stretch_row_content_no_spaces&#8221;][vc_column]        <div id=\"singara-section69fc9d6dcf5dd-9825\" class=\"singara--section  vc_custom_1526464007297\">\r\n            <div class=\"container\">\r\n\t\t\t[vc_row_inner][vc_column_inner width=&#8221;1\/2&#8243; css=&#8221;.vc_custom_1526463990871{padding-right: 15px !important;padding-bottom: 50px !important;padding-left: 15px !important;}&#8221;][vc_column_text]Der Gesetzgeber hat f\u00fcr verschiedene Bundesl\u00e4nder unterschiedliche Fristen zur Umsetzung der TSE Funktionalit\u00e4t gesetzt. Selbst f\u00fcr den ge\u00fcbten Gewerbetreibenden ist manchmal diese Thematik un\u00fcbersichtlich oder wirft Fragen auf, deren Antworten man vergeblich sucht oder man findet sich damit ab.<\/p>\n<p>Wir haben uns auf dieses Thema spezialisiert und arbeiten daher Hand-in-Hand mit Gewerbetreibenden, ihren Steuerb\u00fcros als auch unterst\u00fctzend mit entsprechenden Ansprechpartnern bei der Finanzverwaltung zusammen. F\u00fcr bestm\u00f6gliche Transparenz und Resultate!<\/p>\n<p>Neben einer j\u00e4hrlichen \u00dcberpr\u00fcfung bieten wir auch monatlichen Support f\u00fcr eine Fixpauschale an. Damit sind <span style=\"color: #c00000;\">alle<\/span> Kosten inklusive. Und das erneut zu einem unschlagbaren Preis!<\/p>\n<p>F\u00fcr uns ist es wichtig, dass Sie als Gesamtverantwortlicher die Grundlagen in allen Belangen verstehen, damit Sie nach besten Wissen und Gewissen eine vern\u00fcnftige Entscheidung treffen k\u00f6nnen.<\/p>\n<p>Dabei unterst\u00fctzen wir Sie gerne![\/vc_column_text][\/vc_column_inner][vc_column_inner width=&#8221;1\/2&#8243; css=&#8221;.vc_custom_1526463998674{padding-right: 15px !important;padding-bottom: 60px !important;padding-left: 15px !important;}&#8221;]\t\r\n\t\t<div class=\"singara-single-img border alignright  wpb_animate_when_almost_visible wpb_fadeInUp fadeInUp\">\r\n\t\t\t<img decoding=\"async\" src=\"https:\/\/www.hace.de\/wp-content\/uploads\/2021\/06\/120817853_s.jpg\" alt=\"120817853_s\" \/>\t\t<\/div>\r\n\t\t[\/vc_column_inner][\/vc_row_inner]\t\t\t<\/div>\r\n\t\t<\/div>\r\n\t\t[\/vc_column][\/vc_row]<\/p>\n","protected":false},"excerpt":{"rendered":"<p>[vc_row full_width=&#8221;stretch_row_content_no_spaces&#8221;][vc_column][\/vc_column][\/vc_row]<\/p>\n","protected":false},"author":1,"featured_media":0,"parent":0,"menu_order":0,"comment_status":"closed","ping_status":"closed","template":"template-builder.php","meta":{"footnotes":""},"class_list":["post-1657","page","type-page","status-publish","hentry"],"_links":{"self":[{"href":"https:\/\/www.hace.de\/index.php?rest_route=\/wp\/v2\/pages\/1657","targetHints":{"allow":["GET"]}}],"collection":[{"href":"https:\/\/www.hace.de\/index.php?rest_route=\/wp\/v2\/pages"}],"about":[{"href":"https:\/\/www.hace.de\/index.php?rest_route=\/wp\/v2\/types\/page"}],"author":[{"embeddable":true,"href":"https:\/\/www.hace.de\/index.php?rest_route=\/wp\/v2\/users\/1"}],"replies":[{"embeddable":true,"href":"https:\/\/www.hace.de\/index.php?rest_route=%2Fwp%2Fv2%2Fcomments&post=1657"}],"version-history":[{"count":2,"href":"https:\/\/www.hace.de\/index.php?rest_route=\/wp\/v2\/pages\/1657\/revisions"}],"predecessor-version":[{"id":1660,"href":"https:\/\/www.hace.de\/index.php?rest_route=\/wp\/v2\/pages\/1657\/revisions\/1660"}],"wp:attachment":[{"href":"https:\/\/www.hace.de\/index.php?rest_route=%2Fwp%2Fv2%2Fmedia&parent=1657"}],"curies":[{"name":"wp","href":"https:\/\/api.w.org\/{rel}","templated":true}]}}