{"id":149,"date":"2018-04-10T07:01:33","date_gmt":"2018-04-10T07:01:33","guid":{"rendered":"http:\/\/themelooks.net\/demo\/singara\/?page_id=149"},"modified":"2021-07-15T12:20:41","modified_gmt":"2021-07-15T12:20:41","slug":"about","status":"publish","type":"page","link":"https:\/\/www.hace.de\/?page_id=149","title":{"rendered":"Philosophie"},"content":{"rendered":"<p>[vc_row full_width=&#8221;stretch_row_content_no_spaces&#8221;][vc_column]        <div id=\"singara-section6a002a1d685a1-460\" class=\"singara--section  vc_custom_1526464007297\">\r\n            <div class=\"container\">\r\n\t\t\t[vc_row_inner][vc_column_inner width=&#8221;1\/2&#8243; css=&#8221;.vc_custom_1526463990871{padding-right: 15px !important;padding-bottom: 50px !important;padding-left: 15px !important;}&#8221;]\t\t\t<div id=\"textblock6a002a1d68619-1850\" class=\"post--content textblock clearfix  wpb_animate_when_almost_visible wpb_fadeInUp fadeInUp\">\r\n\t\t\t\t<p>Unser Team ist \u00fcbersichtlich, aber daf\u00fcr effektiv: wir setzen auf ausgew\u00e4hlte, bew\u00e4hrte IT Technik und kommunizieren transparent jedwede L\u00f6sung.<\/p>\n<p>Vertrauen statt Restriktion!<\/p>\n<p>Dadurch wachsen unsere Kunden mit uns und verzeichnen dadurch nachweislich Erfolge. Stundenlanger, telefonischer Support entf\u00e4llt langfristig, weil offen gesprochen &#8220;die Sache einfach funktioniert!&#8221;.<\/p>\n<p>Dar\u00fcber hinaus sprechen unsere Kunden grunds\u00e4tzlich mit einem IT Experten mit entsprechender Fachausbildung &#8211; und zwar so, dass man sie auch ganz ohne Fachwissen versteht. Denn nur so k\u00f6nnen Sie als Kunde richtige Entscheidungen treffen.<\/p>\n<p>Erg\u00e4nzt wird unsere Unternehmensphilosphie durch die auf Gesch\u00e4ftskunden zugeschnittenen IT L\u00f6sungen, welche aktuell auf Markt so nicht existieren. Unsere Kunden vertrauen darauf, dass sie von uns nichts &#8220;aufgeschwatzt&#8221; bekommen, was sie auch nicht ben\u00f6tigen.<\/p>\n<p>DAS ist meiner Meinung nach der einzig richtige Weg zu einer gesunden Gesch\u00e4ftsbeziehung.<\/p>\n<p>Ali Pepe<br \/>\n[Gesch\u00e4ftsinhaber \/ Gr\u00fcnder]<\/p>\n\t\t\t<\/div>\r\n\t\t[\/vc_column_inner][vc_column_inner width=&#8221;1\/2&#8243; css=&#8221;.vc_custom_1526463998674{padding-right: 15px !important;padding-bottom: 60px !important;padding-left: 15px !important;}&#8221;]\t\r\n\t\t<div class=\"singara-single-img border alignright  wpb_animate_when_almost_visible wpb_fadeInUp fadeInUp\">\r\n\t\t\t<img decoding=\"async\" src=\"https:\/\/www.hace.de\/wp-content\/uploads\/2021\/05\/Fotolia_59540686_S.jpg\" alt=\"Fotolia_59540686_S\" \/>\t\t<\/div>\r\n\t\t[\/vc_column_inner][\/vc_row_inner]\t\t\t<\/div>\r\n\t\t<\/div>\r\n\t\t[\/vc_column][\/vc_row][vc_row full_width=&#8221;stretch_row_content_no_spaces&#8221;][vc_column]        <div id=\"singara-section6a002a1d6898c-2275\" class=\"singara--section  vc_custom_1526117657886\">\r\n            <div class=\"container\">\r\n\t\t\t<div class=\"section--title text-center\" ><p >INTERNATIONAL<\/p><h2 class=\"h2\" >Wir sprechen Ihre Sprache<\/h2><\/div>[vc_row_inner css=&#8221;.vc_custom_1526117591142{margin-right: -15px !important;margin-left: -15px !important;}&#8221;][vc_column_inner width=&#8221;1\/5&#8243; css=&#8221;.vc_custom_1526117981148{padding-right: 15px !important;padding-left: 15px !important;}&#8221; offset=&#8221;vc_col-md-2 vc_col-xs-6&#8243;][vc_single_image image=&#8221;1557&#8243; img_size=&#8221;full&#8221; alignment=&#8221;center&#8221;]\t\t\t<div id=\"textblock6a002a1d68a03-208\" class=\"post--content textblock clearfix \">\r\n\t\t\t\t<\/p>\n<p style=\"text-align: center;\">deutsch<\/p>\n<p>\n\t\t\t<\/div>\r\n\t\t[\/vc_column_inner][vc_column_inner width=&#8221;1\/5&#8243; css=&#8221;.vc_custom_1526117967670{padding-right: 15px !important;padding-left: 15px !important;}&#8221; offset=&#8221;vc_col-md-2 vc_col-xs-6&#8243;][vc_single_image image=&#8221;1564&#8243; img_size=&#8221;full&#8221; alignment=&#8221;center&#8221;]\t\t\t<div id=\"textblock6a002a1d68a1f-8290\" class=\"post--content textblock clearfix \">\r\n\t\t\t\t<\/p>\n<p style=\"text-align: center;\">englisch<\/p>\n<p>\n\t\t\t<\/div>\r\n\t\t[\/vc_column_inner][vc_column_inner width=&#8221;1\/5&#8243; css=&#8221;.vc_custom_1526117962081{padding-right: 15px !important;padding-left: 15px !important;}&#8221; offset=&#8221;vc_col-md-2 vc_col-xs-6&#8243;][vc_single_image image=&#8221;1559&#8243; img_size=&#8221;full&#8221; alignment=&#8221;center&#8221;]\t\t\t<div id=\"textblock6a002a1d68a34-1230\" class=\"post--content textblock clearfix \">\r\n\t\t\t\t<\/p>\n<p style=\"text-align: center;\">t\u00fcrkisch<\/p>\n<p>\n\t\t\t<\/div>\r\n\t\t[\/vc_column_inner][vc_column_inner width=&#8221;1\/5&#8243; css=&#8221;.vc_custom_1526117958085{padding-right: 15px !important;padding-left: 15px !important;}&#8221; offset=&#8221;vc_col-md-2 vc_col-xs-6&#8243;][vc_single_image image=&#8221;1560&#8243; img_size=&#8221;full&#8221; alignment=&#8221;center&#8221;]\t\t\t<div id=\"textblock6a002a1d68a46-9928\" class=\"post--content textblock clearfix \">\r\n\t\t\t\t<\/p>\n<p style=\"text-align: center;\">niederl\u00e4ndisch<\/p>\n<p>\n\t\t\t<\/div>\r\n\t\t[\/vc_column_inner][vc_column_inner width=&#8221;1\/5&#8243;][vc_single_image image=&#8221;1561&#8243; alignment=&#8221;center&#8221;]\t\t\t<div id=\"textblock6a002a1d68a58-883\" class=\"post--content textblock clearfix \">\r\n\t\t\t\t<\/p>\n<p style=\"text-align: center;\">kantonesisch<\/p>\n<p>\n\t\t\t<\/div>\r\n\t\t[\/vc_column_inner][\/vc_row_inner]\t\t\t<\/div>\r\n\t\t<\/div>\r\n\t\t[\/vc_column][\/vc_row][vc_row full_width=&#8221;stretch_row_content_no_spaces&#8221;][vc_column]        <div id=\"singara-section6a002a1d68a74-4701\" class=\"singara--section  vc_custom_1526117657886\">\r\n            <div class=\"container\">\r\n\t\t\t<div class=\"section--title text-center\" ><p >EFFIZIENT &amp; SCHNELL<\/p><h2 class=\"h2\" >bundesweit &amp; branchen\u00fcbergreifend<\/h2><\/div>[vc_row_inner css=&#8221;.vc_custom_1526117591142{margin-right: -15px !important;margin-left: -15px !important;}&#8221;][vc_column_inner width=&#8221;1\/5&#8243; css=&#8221;.vc_custom_1526117981148{padding-right: 15px !important;padding-left: 15px !important;}&#8221; offset=&#8221;vc_col-md-2 vc_col-xs-6&#8243;]\t\t\t<div id=\"textblock6a002a1d68ac6-3235\" class=\"post--content textblock clearfix \">\r\n\t\t\t\t<\/p>\n<p style=\"text-align: center;\">Gesundheitswesen<\/p>\n<p>\n\t\t\t<\/div>\r\n\t\t\t\t\t<div id=\"textblock6a002a1d68adc-5567\" class=\"post--content textblock clearfix \">\r\n\t\t\t\t<\/p>\n<p style=\"text-align: center;\">Automobilindustrie<\/p>\n<p>\n\t\t\t<\/div>\r\n\t\t[\/vc_column_inner][vc_column_inner width=&#8221;1\/5&#8243; css=&#8221;.vc_custom_1526117967670{padding-right: 15px !important;padding-left: 15px !important;}&#8221; offset=&#8221;vc_col-md-2 vc_col-xs-6&#8243;]\t\t\t<div id=\"textblock6a002a1d68aee-3325\" class=\"post--content textblock clearfix \">\r\n\t\t\t\t<\/p>\n<p style=\"text-align: center;\">Gastronomie<\/p>\n<p>\n\t\t\t<\/div>\r\n\t\t\t\t\t<div id=\"textblock6a002a1d68b05-5646\" class=\"post--content textblock clearfix \">\r\n\t\t\t\t<\/p>\n<p style=\"text-align: center;\">Einzelhandel<\/p>\n<p>\n\t\t\t<\/div>\r\n\t\t[\/vc_column_inner][vc_column_inner width=&#8221;1\/5&#8243; css=&#8221;.vc_custom_1526117962081{padding-right: 15px !important;padding-left: 15px !important;}&#8221; offset=&#8221;vc_col-md-2 vc_col-xs-6&#8243;]\t\t\t<div id=\"textblock6a002a1d68b17-2851\" class=\"post--content textblock clearfix \">\r\n\t\t\t\t<\/p>\n<p style=\"text-align: center;\">Steuerwesen<\/p>\n<p>\n\t\t\t<\/div>\r\n\t\t\t\t\t<div id=\"textblock6a002a1d68b26-3957\" class=\"post--content textblock clearfix \">\r\n\t\t\t\t<\/p>\n<p style=\"text-align: center;\">Handwerk<\/p>\n<p>\n\t\t\t<\/div>\r\n\t\t[\/vc_column_inner][vc_column_inner width=&#8221;1\/5&#8243; css=&#8221;.vc_custom_1526117958085{padding-right: 15px !important;padding-left: 15px !important;}&#8221; offset=&#8221;vc_col-md-2 vc_col-xs-6&#8243;]\t\t\t<div id=\"textblock6a002a1d68b36-2844\" class=\"post--content textblock clearfix \">\r\n\t\t\t\t<\/p>\n<p style=\"text-align: center;\">Einrichtungen<\/p>\n<p>\n\t\t\t<\/div>\r\n\t\t\t\t\t<div id=\"textblock6a002a1d68b45-8520\" class=\"post--content textblock clearfix \">\r\n\t\t\t\t<\/p>\n<p style=\"text-align: center;\">Veranstaltungen<\/p>\n<p>\n\t\t\t<\/div>\r\n\t\t[\/vc_column_inner][vc_column_inner width=&#8221;1\/5&#8243;]\t\t\t<div id=\"textblock6a002a1d68b54-3962\" class=\"post--content textblock clearfix \">\r\n\t\t\t\t<\/p>\n<p style=\"text-align: center;\">Immobilien<\/p>\n<p>\n\t\t\t<\/div>\r\n\t\t\t\t\t<div id=\"textblock6a002a1d68b63-2235\" class=\"post--content textblock clearfix \">\r\n\t\t\t\t<\/p>\n<p style=\"text-align: center;\">Agenturen<\/p>\n<p>\n\t\t\t<\/div>\r\n\t\t[\/vc_column_inner][\/vc_row_inner]\t\t\t<\/div>\r\n\t\t<\/div>\r\n\t\t[\/vc_column][\/vc_row]<\/p>\n","protected":false},"excerpt":{"rendered":"<p>[vc_row full_width=&#8221;stretch_row_content_no_spaces&#8221;][vc_column][\/vc_column][\/vc_row][vc_row full_width=&#8221;stretch_row_content_no_spaces&#8221;][vc_column][\/vc_column][\/vc_row][vc_row full_width=&#8221;stretch_row_content_no_spaces&#8221;][vc_column][\/vc_column][\/vc_row]<\/p>\n","protected":false},"author":1,"featured_media":0,"parent":0,"menu_order":0,"comment_status":"closed","ping_status":"closed","template":"template-builder.php","meta":{"footnotes":""},"class_list":["post-149","page","type-page","status-publish","hentry"],"_links":{"self":[{"href":"https:\/\/www.hace.de\/index.php?rest_route=\/wp\/v2\/pages\/149","targetHints":{"allow":["GET"]}}],"collection":[{"href":"https:\/\/www.hace.de\/index.php?rest_route=\/wp\/v2\/pages"}],"about":[{"href":"https:\/\/www.hace.de\/index.php?rest_route=\/wp\/v2\/types\/page"}],"author":[{"embeddable":true,"href":"https:\/\/www.hace.de\/index.php?rest_route=\/wp\/v2\/users\/1"}],"replies":[{"embeddable":true,"href":"https:\/\/www.hace.de\/index.php?rest_route=%2Fwp%2Fv2%2Fcomments&post=149"}],"version-history":[{"count":36,"href":"https:\/\/www.hace.de\/index.php?rest_route=\/wp\/v2\/pages\/149\/revisions"}],"predecessor-version":[{"id":1785,"href":"https:\/\/www.hace.de\/index.php?rest_route=\/wp\/v2\/pages\/149\/revisions\/1785"}],"wp:attachment":[{"href":"https:\/\/www.hace.de\/index.php?rest_route=%2Fwp%2Fv2%2Fmedia&parent=149"}],"curies":[{"name":"wp","href":"https:\/\/api.w.org\/{rel}","templated":true}]}}