{"id":1479,"date":"2021-06-14T21:18:40","date_gmt":"2021-06-14T21:18:40","guid":{"rendered":"https:\/\/www.hace.de\/?page_id=1479"},"modified":"2021-07-06T16:19:28","modified_gmt":"2021-07-06T16:19:28","slug":"fernwartung","status":"publish","type":"page","link":"https:\/\/www.hace.de\/?page_id=1479","title":{"rendered":"Fernwartung"},"content":{"rendered":"<p>[vc_row full_width=&#8221;stretch_row_content_no_spaces&#8221;][vc_column]        <div id=\"singara-section69fc6d8e7764b-7481\" class=\"singara--section  vc_custom_1526985537981\">\r\n            <div class=\"container\">\r\n\t\t\t[vc_row_inner css=&#8221;.vc_custom_1526386613587{margin-right: -15px !important;margin-left: -15px !important;}&#8221;][vc_column_inner css=&#8221;.vc_custom_1526386712068{padding-right: 15px !important;padding-bottom: 60px !important;padding-left: 15px !important;}&#8221; offset=&#8221;vc_col-md-6&#8243;]\t\r\n\t\t<div class=\"singara-single-img  wpb_animate_when_almost_visible wpb_fadeInUp fadeInUp\">\r\n\t\t\t<img decoding=\"async\" src=\"https:\/\/www.hace.de\/wp-content\/uploads\/2021\/05\/Fotolia_191992754_XS.jpg\" alt=\"Fotolia_191992754_XS\" \/>\t\t<\/div>\r\n\t\t[\/vc_column_inner][vc_column_inner css=&#8221;.vc_custom_1526386719602{padding-right: 15px !important;padding-bottom: 60px !important;padding-left: 15px !important;}&#8221; offset=&#8221;vc_col-md-6&#8243;]\t\t\t<div id=\"textblock69fc6d8e779e5-6895\" class=\"post--content textblock clearfix  wpb_animate_when_almost_visible wpb_fadeInUp fadeInUp\">\r\n\t\t\t\t<h2><strong>PC, iMac, Linux oder digitale Registrierkasse<\/strong><\/h2><p>Wir unterst\u00fctzen wir Sie gerne, schnell und je nach Terminvereinbarung zu jeder Uhrzeit.<\/p>\n<p>Rufen Sie uns bitte vorher an und wir informieren Sie unverbindlich \u00fcber unsere fairen Preise. Danach kann es dann auch schon losgehen:<\/p>\n<p>Sie erhalten per Mail einen Link, wo Sie die Fernwartungssoftware herunterladen k\u00f6nnen. Nach der Installation greifen wir mit Ihrer Zustimmung auf Ihr Endger\u00e4t. W\u00e4hrend wir uns Ihrem Problem annehmen, gehen Sie Ihrem Tagesgesch\u00e4ft nach.<\/p>\n<p>Transparent, fair und effizient!<\/p>\n<div class=\"anchorbtn\"><a href=\"https:\/\/www.hace.de\/?page_id=266\" target=\"_self\" class=\"btn btn-default\">Unsere Kontaktm\u00f6glichkeiten<\/a><\/div>\t\t\t<\/div>\r\n\t\t[\/vc_column_inner][\/vc_row_inner]\t\t\t<\/div>\r\n\t\t<\/div>\r\n\t\t[\/vc_column][\/vc_row][vc_row full_width=&#8221;stretch_row_content_no_spaces&#8221;][vc_column]        <div id=\"singara-section69fc6d8e77a21-6531\" class=\"singara--section  vc_custom_1526985533511\">\r\n            <div class=\"container\">\r\n\t\t\t<div class=\"section--title wpb_animate_when_almost_visible wpb_fadeInUp fadeInUp text-center\" ><p >ANLEITUNG<\/p><h2 class=\"h2\" >Ganz einfach!<\/h2><\/div>[vc_row_inner css=&#8221;.vc_custom_1525935550526{margin-right: -15px !important;margin-left: -15px !important;}&#8221;][vc_column_inner width=&#8221;1\/3&#8243; css=&#8221;.vc_custom_1525935540965{padding-right: 15px !important;padding-left: 15px !important;}&#8221;]\t\t\r\n\t\t\t<div id=\"feature69fc6d8e77a94\" class=\"step--item text-center  wpb_animate_when_almost_visible wpb_fadeInUp fadeInUp\">\r\n\t\t\t\t\t\t\t\t<div class=\"step--icon hi-icon\">\r\n\t\t\t\t\t<div class=\"vc--parent\">\r\n\t\t\t\t\t\t<div class=\"vc--child\">\r\n\t\t\t\t\t\t\t<img decoding=\"async\" src=\"https:\/\/www.hace.de\/wp-content\/uploads\/2021\/06\/v1.jpg\" alt=\"v1\" \/>\t\t\t\t\t\t<\/div>\r\n\t\t\t\t\t<\/div>\r\n\t\t\t\t<\/div>\r\n\t\t\t\t\t\t\t\t<div class=\"step--content\">\r\n\t\t\t\t<h2 class=\"h3\">Gesch\u00e4ftskunde werden<\/h2><p>Nach dem Telefonat legen wir Ihren Kundenaccount an. Danach erhalten Sie per Mail Ihre tempor\u00e4ren Zugangsdaten, mit denen Sie sich einloggen und Ihre k\u00fcnftigen Rechnungen herunterladen k\u00f6nnen.<\/p>\t\t\t\t<\/div>\r\n\t\t\t<\/div>\r\n\t\t[\/vc_column_inner][vc_column_inner width=&#8221;1\/3&#8243; css=&#8221;.vc_custom_1525935532757{padding-right: 15px !important;padding-left: 15px !important;}&#8221;]\t\t\r\n\t\t\t<div id=\"feature69fc6d8e77def\" class=\"step--item text-center  wpb_animate_when_almost_visible wpb_fadeInUp fadeInUp\">\r\n\t\t\t\t\t\t\t\t<div class=\"step--icon hi-icon\">\r\n\t\t\t\t\t<div class=\"vc--parent\">\r\n\t\t\t\t\t\t<div class=\"vc--child\">\r\n\t\t\t\t\t\t\t<img decoding=\"async\" src=\"https:\/\/www.hace.de\/wp-content\/uploads\/2021\/06\/v2.jpg\" alt=\"v2\" \/>\t\t\t\t\t\t<\/div>\r\n\t\t\t\t\t<\/div>\r\n\t\t\t\t<\/div>\r\n\t\t\t\t\t\t\t\t<div class=\"step--content\">\r\n\t\t\t\t<h2 class=\"h3\">Blitzschneller Zugriff<\/h2><p>Im Raketentempo erhalten Sie alle notwendigen Informationen per Mail, damit Sie die Fernwartungssoftware herunterladen und wir unseren Job erledigen k\u00f6nnen.<\/p>\t\t\t\t<\/div>\r\n\t\t\t<\/div>\r\n\t\t[\/vc_column_inner][vc_column_inner width=&#8221;1\/3&#8243; css=&#8221;.vc_custom_1525935524895{padding-right: 15px !important;padding-left: 15px !important;}&#8221;]\t\t\r\n\t\t\t<div id=\"feature69fc6d8e780ad\" class=\"step--item text-center  wpb_animate_when_almost_visible wpb_fadeInUp fadeInUp\">\r\n\t\t\t\t\t\t\t\t<div class=\"step--icon hi-icon\">\r\n\t\t\t\t\t<div class=\"vc--parent\">\r\n\t\t\t\t\t\t<div class=\"vc--child\">\r\n\t\t\t\t\t\t\t<img decoding=\"async\" src=\"https:\/\/www.hace.de\/wp-content\/uploads\/2021\/06\/handhake.png\" alt=\"handhake\" \/>\t\t\t\t\t\t<\/div>\r\n\t\t\t\t\t<\/div>\r\n\t\t\t\t<\/div>\r\n\t\t\t\t\t\t\t\t<div class=\"step--content\">\r\n\t\t\t\t<h2 class=\"h3\">Zufriedenheit zahlt sich aus!<\/h2><p>Vertrauen ist gut, Kontrolle ist besser. Wir setzen noch einen drauf: Transparenz!<\/p>\t\t\t\t<\/div>\r\n\t\t\t<\/div>\r\n\t\t[\/vc_column_inner][\/vc_row_inner]\t\t\t<\/div>\r\n\t\t<\/div>\r\n\t\t[\/vc_column][\/vc_row]<\/p>\n","protected":false},"excerpt":{"rendered":"<p>[vc_row full_width=&#8221;stretch_row_content_no_spaces&#8221;][vc_column][\/vc_column][\/vc_row][vc_row full_width=&#8221;stretch_row_content_no_spaces&#8221;][vc_column][\/vc_column][\/vc_row]<\/p>\n","protected":false},"author":1,"featured_media":0,"parent":0,"menu_order":0,"comment_status":"closed","ping_status":"closed","template":"template-builder.php","meta":{"footnotes":""},"class_list":["post-1479","page","type-page","status-publish","hentry"],"_links":{"self":[{"href":"https:\/\/www.hace.de\/index.php?rest_route=\/wp\/v2\/pages\/1479","targetHints":{"allow":["GET"]}}],"collection":[{"href":"https:\/\/www.hace.de\/index.php?rest_route=\/wp\/v2\/pages"}],"about":[{"href":"https:\/\/www.hace.de\/index.php?rest_route=\/wp\/v2\/types\/page"}],"author":[{"embeddable":true,"href":"https:\/\/www.hace.de\/index.php?rest_route=\/wp\/v2\/users\/1"}],"replies":[{"embeddable":true,"href":"https:\/\/www.hace.de\/index.php?rest_route=%2Fwp%2Fv2%2Fcomments&post=1479"}],"version-history":[{"count":19,"href":"https:\/\/www.hace.de\/index.php?rest_route=\/wp\/v2\/pages\/1479\/revisions"}],"predecessor-version":[{"id":1908,"href":"https:\/\/www.hace.de\/index.php?rest_route=\/wp\/v2\/pages\/1479\/revisions\/1908"}],"wp:attachment":[{"href":"https:\/\/www.hace.de\/index.php?rest_route=%2Fwp%2Fv2%2Fmedia&parent=1479"}],"curies":[{"name":"wp","href":"https:\/\/api.w.org\/{rel}","templated":true}]}}