{"id":1436,"date":"2021-05-30T17:49:08","date_gmt":"2021-05-30T17:49:08","guid":{"rendered":"https:\/\/www.hace.de\/?page_id=1436"},"modified":"2021-07-04T14:53:12","modified_gmt":"2021-07-04T14:53:12","slug":"allgemeine-geschaeftsbedingungen","status":"publish","type":"page","link":"https:\/\/www.hace.de\/?page_id=1436","title":{"rendered":"&nbsp;&nbsp;&nbsp;&nbsp;Allgemeine Gesch\u00e4ftsbedingungen"},"content":{"rendered":"<p>[vc_row][vc_column width=&#8221;1\/12&#8243;][\/vc_column][vc_column width=&#8221;1\/4&#8243;][vc_column_text]<\/p>\n<p style=\"text-align: right;\"><span style=\"color: #80b61a;\"><a href=\"https:\/\/www.hace.de\/?page_id=1436\"><strong>Allgemeine Gesch\u00e4ftsbedingungen |<\/strong><\/a><br \/>\n<\/span><\/p>\n<p style=\"text-align: right;\"><span style=\"color: #999999;\">Antivirus |<\/span><\/p>\n<p style=\"text-align: right;\"><span style=\"color: #999999;\">Datensicherung |<\/span><\/p>\n<p style=\"text-align: right;\"><span style=\"color: #999999;\">DS-GVO |<\/span><\/p>\n<p style=\"text-align: right;\"><span style=\"color: #999999;\">e-payment |<\/span><\/p>\n<p style=\"text-align: right;\"><span style=\"color: #999999;\">Fernwartung |<\/span><\/p>\n<p style=\"text-align: right;\"><span style=\"color: #999999;\"><a style=\"color: #999999;\" href=\"https:\/\/www.hace.de\/?page_id=1747\">MDR |<\/a><\/span><\/p>\n<p style=\"text-align: right;\"><span style=\"color: #999999;\">SSL Highspeed |<\/span><\/p>\n<p style=\"text-align: right;\"><span style=\"color: #999999;\">surveillance |<\/span><\/p>\n<p style=\"text-align: right;\"><span style=\"color: #999999;\">TSE \/ GoBD |<\/span><\/p>\n<p style=\"text-align: right;\"><span style=\"color: #800000;\">erweiterte Gesch\u00e4ftsbedingungen zum Thema Infektionsschutz |<\/span><\/p>\n<hr \/>\n<p>[\/vc_column_text][\/vc_column][vc_column width=&#8221;5\/12&#8243; css=&#8221;.vc_custom_1625410313637{padding-right: 50px !important;padding-left: 50px !important;}&#8221;][vc_column_text]<b>\u00a71 Geltungsbereich und Zustandekommen des Dienstvertrages<\/b><\/p>\n<p>Die folgenden Allgemeinen Gesch\u00e4ftsbedingungen sind Bestandteil jedes Vertrages oder Gesch\u00e4ftsbeziehung &#8211; zwischen dem Kunden und mit der HACE, Ali Pepe (nachfolgend &#8220;Auftragnehmer&#8221; benannt). Sp\u00e4testens mit der Inanspruchnahme der Dienstleistung oder \u00dcberweisung eines (Teil-)Betrages gelten diese Bedingungen sowie die dazugeh\u00f6rigen, produktspezifischen Gesch\u00e4ftsbedingungen als auch die speziellen Gesch\u00e4ftsbedingungen zum Infektionsschutz als angenommen.<\/p>\n<p>Verkauf, Lieferung und Leistung erfolgt ausschlie\u00dflich<\/p>\n<ul>\n<li>zu den nachfolgenden Allgemeinen Gesch\u00e4ftsbedingungen,<\/li>\n<li>der dazugeh\u00f6rigen, produktspezifischen Gesch\u00e4ftsbedingungen sowie<\/li>\n<li>speziellen Gesch\u00e4ftsbedingungen zum Infektionsschutz.<\/li>\n<\/ul>\n<p>Abweichungen von diesem Vertrag sind nur wirksam, wenn sie schriftlich bzw. elektronisch (per Mail) vereinbart wurden.<\/p>\n<p>Das Schriftformerfordernis gilt auch f\u00fcr Nebenabreden und nachfolgende Vertrags\u00e4nderungen. Auf dieses Schriftformerfordernis kann nur durch schriftliche oder elektronische Vereinbarung verzichtet werden.<\/p>\n<p>&nbsp;<\/p>\n<p><b>\u00a72 Art und Umfang der Dienstleistung<\/b><\/p>\n<p>Der Auftragnehmer erbringt die Dienstleistung zu den Vereinbarungen im mit dem Kunden geschlossenen Vertrag. Der Kunde allein tr\u00e4gt die Projekt- und Erfolgsverantwortung.<\/p>\n<p>Ansprechpartner der Vertragsparteien sind ausschlie\u00dflich die im Vertrag benannten verantwortlichen Ansprechpartner oder jene, die aus einer dazugeh\u00f6rigen Kommunikation resultieren.<\/p>\n<p>&nbsp;<\/p>\n<p><b>\u00a73 Angebote, Vertragsabschluss<\/b><\/p>\n<p>Mit der Auftragserteilung an den Auftragnehmer, gleichg\u00fcltig in welcher Form diese erfolgt, erkennt der Kunde die Allgemeinen Gesch\u00e4ftsbedingungen sowie die mit der Beauftragung verbundenen Stundens\u00e4tze \/ Listenpreise f\u00fcr die Dauer der gesamten Gesch\u00e4ftsbeziehung an. Der Kunde hat sich bei jeder Beauftragung selbst \u00fcber die aktuellen Stundens\u00e4tze \/ Listenpreise zu informieren. Grundlegende Stundens\u00e4tze \/ Listenpreise werden dem Kunden im Vorfeld im Rahmen eines Beratungsgespr\u00e4chs mitgeteilt. Die Mittelung als solches stellt keine Voraussetzung f\u00fcr das Zustandekommen einer Gesch\u00e4ftsbedingung dar.<\/p>\n<p>Angebote sind freibleibend, zeitlich befristet und unverbindlich. Sollten bis zur Beendigung eines Auftrages weitere Kostenerh\u00f6hungen eintreten, so werden diese dem Kunden rechtzeitig mitgeteilt. Dem Kunden wird nur in diesem Fall das Recht einger\u00e4umt, entweder den vorliegenden Vertrag zu unterbrechen (Auftragsnehmer erstellt eine Zwischenabschlussrechnung) oder fortzuf\u00fchren.<\/p>\n<p>Ein Vertrag kommt immer dann zustande,<\/p>\n<ul>\n<li>wenn ein Kunde ausdr\u00fccklich einen Auftrag erteilt (ganz gleich ob m\u00fcndlich, telefonisch, pers\u00f6nlich, schriftlich oder per E-Mail),<\/li>\n<li>wenn der Auftragnehmer eine Bestellung oder Auftragsbest\u00e4tigung schriftlich oder elektronisch best\u00e4tigt,<\/li>\n<li>wenn der Kunde ein Angebot unterzeichnet und schriftlich zur\u00fccksendet \/ zur\u00fcckfaxt,<\/li>\n<li>wenn der Kunde die vereinbarte Abschlags-\/Anzahlungssumme auf das vereinbarte Gesch\u00e4ftskonto \u00fcberweist,<\/li>\n<li>wenn der Kunde in Folge einer Beauftragung Auftragsbezogene Inhalte bereitstellt, die f\u00fcr die Durchf\u00fchrung ma\u00dfgeblich sind oder<\/li>\n<li>wenn der Auftrag des Kunden anteilig oder vollst\u00e4ndig durchgef\u00fchrt wird.<\/li>\n<\/ul>\n<p>Sobald ein Vertrag zustande kommt, befindet sich der Kunde in der jeweiligen Zahlungspflicht. Gegenstand eines Vertrages ist entweder das Angebot selbst (vorausgesetzt, alle Auftragspunkte sind detailliert aufgef\u00fchrt) oder das von HACE erstellte Konzept, dass alle funktionalen Auftragspunkte auff\u00fchrt. Der Kunde hat zu keinem Zeitpunkt Anspruch auf Leistungen, die nie Teil eines Angebotes oder Vertrages gewesen sind.<\/p>\n<p>&nbsp;<\/p>\n<p><b>\u00a74 Folgevertr\u00e4ge<\/b><\/p>\n<p>Anspr\u00fcche auf den Abschluss von Folgevertr\u00e4gen werden f\u00fcr den Auftragnehmer aus diesem Vertrag nicht begr\u00fcndet und bedarf grunds\u00e4tzlich einem weiteren Angebot oder Vertrag.<\/p>\n<p>&nbsp;<\/p>\n<p><b>\u00a75 Qualitative Leistungsst\u00f6rung<\/b><\/p>\n<p>Wird die Dienstleistung nicht vertragsgem\u00e4\u00df oder fehlerhaft erbracht und hat der Auftragnehmer dies zu vertreten, so ist er verpflichtet, die Dienstleistung ohne Mehrkosten f\u00fcr den Kunden innerhalb angemessener Frist vertragsgem\u00e4\u00df zu erbringen. Voraussetzung ist eine R\u00fcge des Kunden, die unverz\u00fcglich zu erfolgen hat, sp\u00e4testens innerhalb von 2 Wochen nach Kenntnis. Gelingt die vertragsgem\u00e4\u00dfe Erbringung der Dienstleistung aus vom Auftragnehmer zu vertretenden Gr\u00fcnden auch innerhalb einer vom Kunden ausdr\u00fccklich zu setzenden angemessenen Nachfrist in wesentlichen Teilen nicht, ist der Kunde berechtigt, den Vertrag fristlos zu k\u00fcndigen. In diesem Falle hat der Auftragnehmer Anspruch auf Verg\u00fctung f\u00fcr die bis zum Wirksamwerden der K\u00fcndigung aufgrund des Vertrages erbrachten Leistungen. Die Verg\u00fctung entf\u00e4llt nur f\u00fcr solche Leistungen, f\u00fcr die der Kunde innerhalb von 4 Wochen nach Erkl\u00e4rung der K\u00fcndigung nachweist, dass sie f\u00fcr ihn nicht nutzbar und ohne Interesse sind.<\/p>\n<p>Das Recht zur au\u00dferordentlichen K\u00fcndigung aus wichtigem Grund bleibt unber\u00fchrt. Der Auftragnehmer hat Anspruch auf Verg\u00fctung f\u00fcr die bis zum Wirksamwerden der K\u00fcndigung aufgrund des Vertrages erbrachten Leistungen. Die Verg\u00fctung entf\u00e4llt nur f\u00fcr solche Leistungen, f\u00fcr die der Kunde innerhalb von 4 Wochen nach Erkl\u00e4rung der K\u00fcndigung darlegt, dass sie f\u00fcr ihn ohne Interesse sind. Der Kunde hat keinen Anspruch auf Erstattung f\u00fcr die einwandfreien Leistungen, die der Auftragnehmer bis zur R\u00fcge des Kunden einwandfrei erbracht hat.<\/p>\n<p>Eine R\u00fcge muss Teil einer vertraglichen Vereinbarung sein (Konzept, durchzuf\u00fchrende Auftragspunkte). Der Kunde ist zur Abnahme bzw. R\u00fccknahme einer R\u00fcge verpflichtet, wenn die geforderten Punkte ordnungsgem\u00e4\u00df durchgef\u00fchrt worden sind. Eine Ablehnung bzw. Begr\u00fcndung muss Teil einer vertraglich vereinbarten Leistung sein. Andernfalls gilt die Arbeit als ordnungsgem\u00e4\u00df abgenommen. Weitergehende Anspr\u00fcche des Kunden wegen qualitativer Leistungsst\u00f6rungen sind ausgeschlossen. Dieser Ausschluss gilt nicht bei Vorsatz oder grober Fahrl\u00e4ssigkeit sowie nicht bei der Verletzung des Lebens, des K\u00f6rpers oder der Gesundheit.<\/p>\n<p>&nbsp;<\/p>\n<p><b>\u00a76 Preise und Zahlung<\/b><\/p>\n<p>Es gelten die Preise \/ Listenpreise zum Zeitpunkt der Aus- bzw. Ablieferung. Festpreise gelten nur dann, wenn die Preisabsprache im Einzelfall z. B. aufgrund eines Angebotes \/ Kostenvoranschlages weder eine Preiserh\u00f6hungsm\u00f6glichkeit noch eine zeitliche Begrenzung der Festpreisabrede enth\u00e4lt.<\/p>\n<p>Die Preise schlie\u00dfen die gesetzliche Umsatzsteuer nicht mit ein. Wenn eine (Neben-)Dienstleistung nicht aufgef\u00fchrt ist, ist diese grunds\u00e4tzlich kein Gegenstand des aufgef\u00fchrten Preises.<\/p>\n<p>Befindet sich der Kunde mit der Zahlung im Verzug, so muss er mit Verzugszinsen in H\u00f6he von 5 % \u00fcber dem Basiszinssatz rechnen, wenn weder der Kunde noch HACE Stube einen niedrigeren bzw. h\u00f6heren Schaden nachweisen. Die Verzugszinsen fallen bei \u00dcberschreitung des Zahlungszieles auch ohne Mahnung an.<\/p>\n<p>F\u00fcr eine fruchtbare Auftragsabwicklung unterbreitet der Auftragnehmer dem Kunden zwei Zahlungsmodelle, die abh\u00e4ngig von der gesamten Auftragssumme gestaltet werden:<\/p>\n<ul>\n<li>bis 1.500 EUR (Printprodukte ausgenommen)50% Anzahlung, 50% nach Abnahme \/ \u00dcbergabe<\/li>\n<li>ab 1.500 EUR (Printprodukte ausgenommen)30% Anzahlung, 50% nach Fertigstellung, 20% nach Abnahme \/ \u00dcbergabe<\/li>\n<\/ul>\n<p>Auftr\u00e4ge, welche den Kauf von Hardware oder Softwarelizenzen voraussetzen, werden zzgl. sowie im Voraus in Rechnung gestellt und sind vom Kunden in jedem Fall sofort zu begleichen, damit der eigentliche Auftrag begonnen \/ abgewickelt werden kann.<\/p>\n<p>&nbsp;<\/p>\n<p><b>\u00a77 Termine, Fristen und Leistungshindernisse<\/b><\/p>\n<p>Ist f\u00fcr die Leistung vom Auftragnehmer die Mitwirkung des Kunden erforderlich oder vereinbart, so verl\u00e4ngert sich die Lieferzeit um die Zeit, die der Kunde dieser Verpflichtung nicht nachgekommen ist. Soweit der Auftragnehmer seinen vertraglichen Leistungen infolge Arbeitskampf, h\u00f6herer Gewalt oder anderer f\u00fcr den Auftragnehmer unabwendbarer Umst\u00e4nde nicht oder nicht fristgerecht erbringen kann, treten f\u00fcr f\u00fcr den Auftragnehmer keine nachteiligen Rechtsfolgen ein. Werden von dem Kunden \u00c4nderungen oder Erg\u00e4nzungen beauftragt und vom Auftragnehmer schriftlich oder elektronisch best\u00e4tigt bzw. umgesetzt, die nicht nur geringf\u00fcgigen Umfang haben, so verlieren die bisherigen Termine und Fristen, die sich am urspr\u00fcnglichen Vertragsgegenstand orientieren, ihre G\u00fcltigkeit.<\/p>\n<p>&nbsp;<\/p>\n<p><b>\u00a78 Abnahme<\/b><\/p>\n<p>Nach Durchf\u00fchrung der Beauftragung ist der Kunde innerhalb von 7 Werktagen zur Abnahme verpflichtet, sofern diese inhaltlich der Beauftragung entspricht.<\/p>\n<p>Der Kunde anerkennt die Tatsache, dass solange die Abnahme nicht erfolgt, die restlichen vertraglich vereinbarten Punkte nicht durchgef\u00fchrt werden k\u00f6nnen und allein im Ermessen des Auftragnehmers liegen, ob er diese unverbindlich fortsetzen m\u00f6chte.<\/p>\n<p>Sollte ein Kunde mit einer Abnahme nicht einverstanden sein, so muss die Begr\u00fcndung Teil der vertraglichen Vereinbarung sein und innerhalb der 7 Werktagen schriftlich dem Auftragnehmer mitgeteilt werden. Etwaige Begr\u00fcndungen wie Zeitmangel des Kunden oder &#8220;die L\u00f6sung gef\u00e4llt mir nicht&#8221; stellt kein Grund zur Verweigerung einer Abnahme dar.<\/p>\n<p>Nach Ablauf der 7 Werktagen gilt jedwede Arbeit seitens des Kunden in jedem Fall als ordentlich abgenommen, sofern der Kunde nicht gegenteiliges schriftlich an den Auftragnehmer verk\u00fcndet.<\/p>\n<p>W\u00e4hrend der Auftragsdurchf\u00fchrung ist der Auftragnehmer ebenfalls berechtigt, dem Kunden einzelne Bestandteile eines Auftrages zur Teilabnahme vorzulegen. Der Kunde ist zur Teilabnahme ebenfalls verpflichtet, sofern die betreffenden Bestandteile den vertraglichen Anforderungen entsprechen. Auch hier gilt nach Ablauf der 7 Werktage jedwede Arbeit seitens des Kunden als abgenommen, wenn der vorliegenden Abnahme nicht schriftlich \/ elektronisch widersprochen wird.<\/p>\n<p>Ein (Teil-)Produkt(l\u00f6sung) gilt automatisch als abgenommen, sobald der Kunde das(die) (Teil-)Produkt(l\u00f6sung) nutzt bzw. verwertet.<\/p>\n<p>&nbsp;<\/p>\n<p><b>\u00a79 Eigentumsvorbehalt, Nutzungsrechte, Urheberrechte<\/b><\/p>\n<p>An allen von dem Auftragnehmer gelieferten Waren und Dienstleistungen beh\u00e4lt sich der Auftragnehmer das Eigentumsrecht vor, bis der Kunde s\u00e4mtliche Forderungen geleistet hat. Der Auftragnehmer bleibt auch nach seiner Dienstleistung alleiniger Eigent\u00fcmer der Rechte an erstellten Skripten und Programmen.<\/p>\n<p>F\u00fcr jegliche anderweitige Nutzungswunsch bedarf dies einer schriftlichen oder elektronischen Ausnahmegenehmigung vom Auftragnehmer.<\/p>\n<p>&nbsp;<\/p>\n<p><b>\u00a710 Rechte Dritter, Datensicherheit und Inhalte<\/b><\/p>\n<p>Der Kunde stellt den Auftragnehmer von s\u00e4mtlichen Anspr\u00fcchen Dritter hinsichtlich der \u00fcberlassenen Daten frei. Er ist verpflichtet, bez\u00fcglich der uns zur Verf\u00fcgung gestellten Daten das Copyright sowie Rechte Dritter zu beachten und er muss \u00fcber die Genehmigung f\u00fcr die Ver\u00f6ffentlichung und oder Ver\u00e4nderung dieser Daten verf\u00fcgen. Der Kunde ist verpflichtet, von allen Daten, die er &#8211; gleichg\u00fcltig in welcher Form &#8211; an uns sendet, Sicherheitskopien zu erstellen. Der Auftragnehmer haftet nicht f\u00fcr den Verlust oder die Ver\u00e4nderung der Daten. Eine Nutzung der Leistungen vom Auftragnehmer f\u00fcr pornografische oder sonstige rechtlich unzul\u00e4ssige Inhalte ist dem Kunden untersagt.<\/p>\n<p>Aufgrund der knappen Preiskalkulation ist es nicht m\u00f6glich, dass der Auftragnehmer eine eingehende Einzelpr\u00fcfung f\u00fcr den Fall vornimmt, ob Anspr\u00fcche Dritter berechtigt bzw. unberechtigt sind. Das gleiche gilt, wenn Inhalte nach dem allgemeinen Rechtsempfinden gegen das geltende Recht der Bundesrepublik Deutschland oder internationalen L\u00e4ndern versto\u00dfen k\u00f6nnten. Der Kunde ist daf\u00fcr verantwortlich, den n\u00f6tigen Beweis f\u00fcr die tats\u00e4chliche Unbedenklichkeit der Inhalte anzutreten.<\/p>\n<p>&nbsp;<\/p>\n<p><b>\u00a711 Datenschutz<\/b><\/p>\n<p>Der Kunde sorgt daf\u00fcr, dass dem Auftragnehmer alle relevanten, \u00fcber die gesetzlichen Regelungen hinausgehenden Sachverhalte, deren Kenntnis f\u00fcr ihn aus Gr\u00fcnden des Datenschutzes und der Geheimhaltung erforderlich ist, bekannt gegeben werden.<\/p>\n<p>Vor \u00dcbergabe eines Datentr\u00e4gers an den Auftragnehmer stellt der Kunde die L\u00f6schung schutzw\u00fcrdiger Inhalte sicher, soweit nichts anderes vereinbart ist.<\/p>\n<p>Der Auftragnehmer sorgt daf\u00fcr, dass alle Personen, die von ihm mit der Bearbeitung oder Erf\u00fcllung des Vertrages betraut sind, die gesetzlichen Bestimmungen \u00fcber den Datenschutz beachten. Die nach Datenschutzrecht erforderliche Verpflichtung auf das Datengeheimnis ist sp\u00e4testens vor der erstmaligen Aufnahme der T\u00e4tigkeit vorzunehmen und dem Kunden auf Verlangen nachzuweisen.<\/p>\n<p>Der Kunde kann den Vertrag ganz oder teilweise k\u00fcndigen, wenn der Auftragnehmer seinen Pflichten nach Ziffer 11.3 unter Ber\u00fccksichtigung der Sachverhalte gem\u00e4\u00df Ziffer 11.1 schuldhaft innerhalb einer gesetzten angemessenen Frist nicht nachkommt oder Datenschutzvorschriften vors\u00e4tzlich oder grob fahrl\u00e4ssig verletzt.<\/p>\n<p>Die aktuelle Fassung der Datenschutzgrundverordnung ist Grundbestandteil jedweder Vertragsbeziehung.<\/p>\n<p>Kunde und Auftragnehmer sind verpflichtet, alle im Rahmen des Vertragsverh\u00e4ltnisses erlangten vertraulichen Informationen, Gesch\u00e4fts- und Betriebsgeheimnisse vertraulich zu behandeln, insbesondere nicht an Dritte weiterzugeben oder sonst zu verwerten.<\/p>\n<p>&nbsp;<\/p>\n<p><b>\u00a712 Leistungen, Haftung, Schadenersatz<\/b><\/p>\n<p>Die Haftung ist abschlie\u00dfend f\u00fcr qualitative Leistungsst\u00f6rungen in Ziffer 7 f\u00fcr Schutzrechtsverletzungen in Ziffer 8 geregelt.<\/p>\n<p>Der Auftragnehmer haftet nicht f\u00fcr die vom Kunden bereitgestellten Inhalte im Hinblick auf die Ver\u00f6ffentlichung in Druckerzeugnissen bzw. im Internet. Der Kunde \u00fcbernimmt hierf\u00fcr die alleinige Verantwortung.<\/p>\n<p>Zudem ist der Auftragnehmer berechtigt, eine schriftliche Freigabe vor Drucklegung bzw. Ver\u00f6ffentlichung im Internet durch den Kunden zu verlangen.<\/p>\n<p>Anspr\u00fcche aus entgangenem Gewinn sind beidseitig ausgeschlossen.<\/p>\n<p>Die Haftungsbeschr\u00e4nkungen gelten nicht bei Vorsatz, grober Fahrl\u00e4ssigkeit, bei der Verletzung des Lebens, des K\u00f6rpers, der Gesundheit oder soweit das Produkthaftungsgesetz zur Anwendung kommt.<\/p>\n<p>Bei Printprodukten haften wir f\u00fcr Abweichungen in der Beschaffenheit des eingesetzten Materials nur bis zur H\u00f6he des anteiligen Druckauftragswertes &#8211; nicht des Gesamtauftragswertes.<\/p>\n<p>&nbsp;<\/p>\n<p><b>\u00a713 Vertragsdauer<\/b><\/p>\n<p>Vertragsdauer ist die durch den Kunden und des Auftragnehmers vereinbarte Laufzeit der jeweiligen Dienstleistungsdauer oder des jeweiligen Vertrages. Die jeweiligen Laufzeiten &#8211; sofern vorhanden &#8211; kann der Kunde entweder vor einer Gesch\u00e4ftsbedingung in den produktspezifischen Gesch\u00e4ftsbedingungen oder w\u00e4hrend einer Gesch\u00e4ftsbeidngung aus der jeweiligen Rechnung entnehmen.<\/p>\n<p>&nbsp;<\/p>\n<p><b>\u00a714 Vertragsr\u00fccktritt<\/b><\/p>\n<p>Tritt der Kunde vom Vertrag zur\u00fcck oder nimmt der Kunde die fertiggestellte Webseite nicht an, so ger\u00e4t er in Abnahmeverzug. Im Falle des Abnahmeverzuges ist der Auftragnehmer berechtigt, auf Vertragserf\u00fcllung zu bestehen oder ersatzweise Schadensersatz wegen Nichterf\u00fcllung zu verlangen. Als Schadensersatz kann der Auftragnehmer 75% des, dem Auftrag zugrunde liegenden, Kaufpreises gegen\u00fcber dem Kunden einfordern.<\/p>\n<p>&nbsp;<\/p>\n<p><b>\u00a715 Teilnichtigkeit<\/b><\/p>\n<p>Sollte in diesen Bedingungen eine unwirksame Regelung enthalten sein, gelten alle \u00fcbrigen gleichwohl. Die unwirksame Regelung ist durch eine wirksame zu ersetzen, die dem wirtschaftlichen Zweck der betreffenden Formulierung am n\u00e4chsten kommt.<\/p>\n<p>&nbsp;<\/p>\n<p><b>\u00a716 Erf\u00fcllungsort und Gerichtsstand<\/b><\/p>\n<p>Im Gesch\u00e4ftsverkehr mit Kaufleuten und mit juristischen Personen des \u00f6ffentlichen Rechts, wird als Gerichtsstand f\u00fcr alle aus dem Vertrag sich ergebenden Rechtsstreitigkeiten Neuss vereinbart.[\/vc_column_text][\/vc_column][vc_column width=&#8221;1\/6&#8243;][\/vc_column][\/vc_row]<\/p>\n","protected":false},"excerpt":{"rendered":"<p>[vc_row][vc_column width=&#8221;1\/12&#8243;][\/vc_column][vc_column width=&#8221;1\/4&#8243;][vc_column_text] Allgemeine Gesch\u00e4ftsbedingungen | Antivirus | Datensicherung | DS-GVO | e-payment | Fernwartung | MDR | SSL Highspeed | surveillance | TSE \/ GoBD | erweiterte Gesch\u00e4ftsbedingungen zum Thema Infektionsschutz | [\/vc_column_text][\/vc_column][vc_column width=&#8221;5\/12&#8243; css=&#8221;.vc_custom_1625410313637{padding-right: 50px !important;padding-left: 50px !important;}&#8221;][vc_column_text]\u00a71 Geltungsbereich und Zustandekommen des Dienstvertrages Die folgenden Allgemeinen Gesch\u00e4ftsbedingungen sind Bestandteil jedes Vertrages oder Gesch\u00e4ftsbeziehung [&hellip;]<\/p>\n","protected":false},"author":1,"featured_media":0,"parent":0,"menu_order":0,"comment_status":"closed","ping_status":"closed","template":"template-builder.php","meta":{"footnotes":""},"class_list":["post-1436","page","type-page","status-publish","hentry"],"_links":{"self":[{"href":"https:\/\/www.hace.de\/index.php?rest_route=\/wp\/v2\/pages\/1436","targetHints":{"allow":["GET"]}}],"collection":[{"href":"https:\/\/www.hace.de\/index.php?rest_route=\/wp\/v2\/pages"}],"about":[{"href":"https:\/\/www.hace.de\/index.php?rest_route=\/wp\/v2\/types\/page"}],"author":[{"embeddable":true,"href":"https:\/\/www.hace.de\/index.php?rest_route=\/wp\/v2\/users\/1"}],"replies":[{"embeddable":true,"href":"https:\/\/www.hace.de\/index.php?rest_route=%2Fwp%2Fv2%2Fcomments&post=1436"}],"version-history":[{"count":18,"href":"https:\/\/www.hace.de\/index.php?rest_route=\/wp\/v2\/pages\/1436\/revisions"}],"predecessor-version":[{"id":1759,"href":"https:\/\/www.hace.de\/index.php?rest_route=\/wp\/v2\/pages\/1436\/revisions\/1759"}],"wp:attachment":[{"href":"https:\/\/www.hace.de\/index.php?rest_route=%2Fwp%2Fv2%2Fmedia&parent=1436"}],"curies":[{"name":"wp","href":"https:\/\/api.w.org\/{rel}","templated":true}]}}