{"id":1411,"date":"2021-05-24T16:07:36","date_gmt":"2021-05-24T16:07:36","guid":{"rendered":"https:\/\/www.hace.de\/?page_id=1411"},"modified":"2025-07-03T22:04:28","modified_gmt":"2025-07-03T22:04:28","slug":"impressum","status":"publish","type":"page","link":"https:\/\/www.hace.de\/?page_id=1411","title":{"rendered":"Impressum"},"content":{"rendered":"<p>[vc_row][vc_column][vc_column_text]<audio class=\"audio-for-speech\"><\/audio><\/p>\n<div class=\"translate-tooltip-mtz translator-hidden\">\n<div class=\"header\">\n<div class=\"header-controls\">Translator<\/div>\n<div class=\"header-controls\"><\/div>\n<div class=\"header-controls\"><\/div>\n<\/div>\n<div class=\"translated-text\">\n<div class=\"words\"><\/div>\n<div class=\"sentences\"><\/div>\n<\/div>\n<\/div>\n<p>&nbsp;<\/p>\n<p>[\/vc_column_text][\/vc_column][\/vc_row][vc_row][vc_column width=&#8221;1\/4&#8243;][\/vc_column][vc_column width=&#8221;1\/2&#8243;][vc_wp_text]<audio class=\"audio-for-speech\"><\/audio><\/p>\n<div class=\"translate-tooltip-mtz translator-hidden\">\n<div class=\"header\">\n<div class=\"header-controls\">Translator<\/div>\n<div class=\"header-controls\"><\/div>\n<div class=\"header-controls\"><\/div>\n<\/div>\n<div class=\"translated-text\">\n<div class=\"words\"><\/div>\n<div class=\"sentences\"><\/div>\n<\/div>\n<\/div>\n<p>&nbsp;<\/p>\n<p><b>Betreiber<\/b><\/p>\n<p>HACE<br \/>\nAli Pepe<br \/>\nAm Fuchsberg 2<br \/>\n41468 Neuss<\/p>\n<p>USt-ID: DE332849059<\/p>\n<p>Sitz in Neuss<br \/>\nAmtsgericht Neuss<br \/>\nGesch\u00e4ftsinhaber: Ali Pepe<\/p>\n<p>&nbsp;<\/p>\n<p><b>Urheberrecht<\/b><\/p>\n<p>Copyright \u00a9 2025 HACE \u2013 ALI PEPE. Alle Rechte sind vorbehalten.<br \/>\n<span style=\"font-size: 6px;\">\u00a0<\/span><br \/>\nDie Inhalte der Webseite www.hace.de sind urheberrechtlich gesch\u00fctzt. Eine Vervielf\u00e4ltigung (z. B. Fotokopie, Mikrofilm oder andere Verfahren), Verbreitung<br \/>\noder Verarbeitung durch elektronische Systeme ohne schriftliche Genehmigung der HACE ist in jeglicher Form untersagt. Ausnahme w\u00e4re lediglich ein ausdr\u00fccklicher, gegenteiliger Vermerk.<\/p>\n<p>Der Nutzung von im Rahmen der Impressumspflicht ver\u00f6ffentlichten Kontaktdaten durch Dritte zur \u00dcbersendung von nicht ausdr\u00fccklich angeforderter Werbung und Informationsmaterialien sowie Verarbeitung in jeglicher Form wird hiermit ausdr\u00fccklich widersprochen.<br \/>\nWir behalten uns ausdr\u00fccklich rechtliche Schritte im Falle der unverlangten Zusendung von Werbeinformationen oder Publikation der Impressumsdaten auf anderen Webseiten bzw. in Suchmaschinen, etwa durch Spam-Mails, vor.<\/p>\n<p>&nbsp;<\/p>\n<p><b>Haftungsausschluss<\/b><\/p>\n<p>Diese Webseite befindet sich auf dem tempor\u00e4ren Stand eines kontinuierlichen Arbeitsprozesses. Die HACE \u00fcbernimmt trotz gr\u00f6\u00dftm\u00f6glicher Sorgfalt bei der<br \/>\nZusammenstellung aller auf der Site enthaltenen Informationen keine Gew\u00e4hr f\u00fcr deren Aktualit\u00e4t, Richtigkeit oder Vollst\u00e4ndigkeit. Dies gilt ebenso f\u00fcr s\u00e4mtliche<br \/>\nLinks und indirekte Verweise auf andere Webseiten, f\u00fcr deren Inhalte HACE nicht verantwortlich ist.<\/p>\n<p>HACE kann nicht f\u00fcr etwaige Sch\u00e4den bzw. Folgesch\u00e4den jeglicher Art haftbar gemacht werden, die durch die direkte oder indirekte Nutzung der auf der Site<br \/>\nenthaltenen Informationen entstehen, einschlie\u00dflich entgangenen Gewinns oder Sch\u00e4den, die aus einen Datenverlust zur\u00fcckzuf\u00fchren sind.<\/p>\n<p>Wir behalten uns \u00c4nderungen in den dargestellten Informationen ohne vorherige Ank\u00fcndigung vor. Alle Angebote sind freibleibend und unverbindlich.<\/p>\n<p>&nbsp;<\/p>\n<p><b>Marken- und Warenzeichen<\/b><\/p>\n<p>Alle auf dieser Webseite genannten bzw. gezeigten Marken- und Warenzeichen unterliegen uneingeschr\u00e4nkt den Bestimmungen des jeweils g\u00fcltigen Kennzeichnungsrechtes<br \/>\nund gegebenenfalls den Besitzrechten der jeweiligen eingetragenen Eigent\u00fcmer.<\/p>\n<p>&nbsp;<\/p>\n<p><b>Erkl\u00e4rungen zum allgemeinen Datenschutz<\/b><\/p>\n<p>Die hace.de Webseite wird von uns immer wieder sorgf\u00e4ltig gepr\u00fcft, \u00fcberarbeitet und aktualisiert. Sollten Sie dennoch einen Fehler bemerken, Fragen oder<br \/>\nAnregungen haben, schreiben Sie uns bitte mit unserem Kontaktformular an.<\/p>\n<p>&nbsp;<\/p>\n<p><b>Datenschutzbestimmungen<\/b><\/p>\n<p>Um Ihre Privatsph\u00e4re und Ihre pers\u00f6nlichen Daten zu sch\u00fctzen, werden bei unseren Internetaktivit\u00e4ten ausnahmslos die jeweils geltenden Datenschutzgesetze<br \/>\nangewandt.<\/p>\n<p>&nbsp;<\/p>\n<p><b>Pers\u00f6nliche Daten<\/b><\/p>\n<p>Wenn Sie auf unserer Webseite Ihre pers\u00f6nlichen Daten angeben m\u00f6chten, um spezielle Informationen und Angebote via E-Mail oder per Post zu erhalten, k\u00f6nnen Sie<br \/>\ndies ganz beruhigt tun. Ihre Daten werden von uns streng vertraulich behandelt und keinesfalls an Dritte weitergegeben.<\/p>\n<p>&nbsp;<\/p>\n<p><b>Datensicherheit<\/b><\/p>\n<p>Um den gr\u00f6\u00dftm\u00f6glichen Schutz Ihrer Daten vor unberechtigtem Zugriff, Manipulation oder Verlust zu gew\u00e4hrleisten, wenden wir die jeweils neuesten<br \/>\nSicherheitstechnologien an.<\/p>\n<p>&nbsp;<\/p>\n<p><b>Eingesetzte Technologien<\/b><\/p>\n<p>Auf unserer Webseite verwenden wir g\u00e4ngige Internet Technologien wie JavaScript oder Flash. Dies geschieht, um Ihnen die Inhalte ad\u00e4quat zu<br \/>\npr\u00e4sentieren, keinesfalls um Ihre pers\u00f6nlichen Daten ausfindig zu machen oder Daten auf Ihrem Computer zu manipulieren.<\/p>\n<p>&nbsp;<\/p>\n<p><b>US Server \/ iCloud<\/b><\/p>\n<p>S\u00e4mtliche Kunden bezogene Daten, die bei uns intern oder \u00f6ffentlich auf einem Webserver gespeichert werden, werden ausschlie\u00dflich nach den Vorgaben (prim\u00e4r) der DS-GVO sowie ( sekund\u00e4r) des Deutschen Bundesdatenschutzgesetzes verarbeitet. Wir achten streng darauf und meiden offensichtliche Dienstleistungsangebote, die die Nutzung von Webservern, z.B. in Form einer iCloud, vorsehen, die nach den Richtlinien \/ Vorgaben der US Beh\u00f6rde betrieben werden.<\/p>\n<p>Diese Art der Angebote lehnen wir kategorisch ab. Dies entspricht weder unserer Unternehmensphilosophie, noch sind zum heutigen Standpunkt viele der bezeichneten Server und die damit verbundenen US Richtlinien mit den EU Vorgaben konform.<\/p>\n<p>&nbsp;<\/p>\n<p><b>Protokolle<\/b><\/p>\n<p>Es ist allgemein \u00fcblich, Zugriffe auf HTTP-Server zu protokollieren, um rechtlich z. B. gegen Hacker abgesichert zu sein. Die Protokolle beinhalten die IP Adresse des Rechners, von dem aus zugriffen wird. Diese Daten sind nie personenbezogen und dienen von<br \/>\nder rechtlichen Absicherung abgesehen der Optimierung unserer Webseite. Eine Auswertung der Daten erfolgt rein statistisch, beispielsweise f\u00fcr Zugriffsfehler,<br \/>\ndurchschnittliche Verweildauer, verwendete Internet-Browser und Betriebssysteme.<\/p>\n<p>&nbsp;<\/p>\n<p><b>Links zu anderen Websites<\/b><\/p>\n<p>F\u00fcr die Inhalte oder die Datenschutzpolitik externer Websites, auf die von unserer Webseite aus verlinkt wird, \u00fcbernehmen wir keinerlei Verantwortung, da diese<br \/>\nSeiten nicht unserem Einfluss unterliegen.[\/vc_wp_text][\/vc_column][vc_column width=&#8221;1\/4&#8243;][\/vc_column][\/vc_row]<\/p>\n","protected":false},"excerpt":{"rendered":"<p>[vc_row][vc_column][vc_column_text] Translator &nbsp; [\/vc_column_text][\/vc_column][\/vc_row][vc_row][vc_column width=&#8221;1\/4&#8243;][\/vc_column][vc_column width=&#8221;1\/2&#8243;][vc_wp_text] Translator &nbsp; Betreiber HACE Ali Pepe Am Fuchsberg 2 41468 Neuss USt-ID: DE332849059 Sitz in Neuss Amtsgericht Neuss Gesch\u00e4ftsinhaber: Ali Pepe &nbsp; Urheberrecht Copyright \u00a9 2025 HACE \u2013 ALI PEPE. Alle Rechte sind vorbehalten. \u00a0 Die Inhalte der Webseite www.hace.de sind urheberrechtlich gesch\u00fctzt. Eine Vervielf\u00e4ltigung (z. B. Fotokopie, Mikrofilm [&hellip;]<\/p>\n","protected":false},"author":1,"featured_media":0,"parent":0,"menu_order":0,"comment_status":"closed","ping_status":"closed","template":"template-builder.php","meta":{"footnotes":""},"class_list":["post-1411","page","type-page","status-publish","hentry"],"_links":{"self":[{"href":"https:\/\/www.hace.de\/index.php?rest_route=\/wp\/v2\/pages\/1411","targetHints":{"allow":["GET"]}}],"collection":[{"href":"https:\/\/www.hace.de\/index.php?rest_route=\/wp\/v2\/pages"}],"about":[{"href":"https:\/\/www.hace.de\/index.php?rest_route=\/wp\/v2\/types\/page"}],"author":[{"embeddable":true,"href":"https:\/\/www.hace.de\/index.php?rest_route=\/wp\/v2\/users\/1"}],"replies":[{"embeddable":true,"href":"https:\/\/www.hace.de\/index.php?rest_route=%2Fwp%2Fv2%2Fcomments&post=1411"}],"version-history":[{"count":6,"href":"https:\/\/www.hace.de\/index.php?rest_route=\/wp\/v2\/pages\/1411\/revisions"}],"predecessor-version":[{"id":2031,"href":"https:\/\/www.hace.de\/index.php?rest_route=\/wp\/v2\/pages\/1411\/revisions\/2031"}],"wp:attachment":[{"href":"https:\/\/www.hace.de\/index.php?rest_route=%2Fwp%2Fv2%2Fmedia&parent=1411"}],"curies":[{"name":"wp","href":"https:\/\/api.w.org\/{rel}","templated":true}]}}